{"id":9056,"date":"2023-03-18T17:22:56","date_gmt":"2023-03-18T16:22:56","guid":{"rendered":"https:\/\/shop.pyla.it\/?post_type=product&#038;p=9056"},"modified":"2024-11-16T19:51:47","modified_gmt":"2024-11-16T18:51:47","slug":"phi","status":"publish","type":"product","link":"https:\/\/shop.pyla.it\/it\/prodotto\/phi\/","title":{"rendered":"PHI"},"content":{"rendered":"","protected":false},"excerpt":{"rendered":"<p class=\"p1\">L'anello presenta una superficie liscia e lucida e un design a forma di cupola. Il colore blu intenso \u00e8 ricco e vibrante, aggiungendo cos\u00ec un tocco di eleganza e raffinatezza all'accessorio. L'anello \u00e8 modellato e lucidato a mano, rendendolo un gioiello unico differente l'uno dall'altro. E' leggero e comodo da indossare, perfetto per l'uso quotidiano.<\/p>\n<p>Specifiche:<\/p>\n<ul>\n<li>\n<p class=\"p1\">Anello fatto a mano<\/p>\n<\/li>\n<li>\n<p class=\"p1\">Resina trasparente lucida<\/p>\n<\/li>\n<li>\n<p class=\"p1\">Taglie disponibili: 7US, 8US, 9US<\/p>\n<\/li>\n<li>\n<p class=\"p1\">Lunghezza: 3cm<\/p>\n<\/li>\n<li>\n<p class=\"p1\">Peso: 3,1gr<\/p>\n<\/li>\n<\/ul>","protected":false},"featured_media":9423,"comment_status":"open","ping_status":"closed","template":"","meta":{"_joinchat":[]},"product_cat":[51,23],"product_tag":[],"giftcard-category":[],"yoast_head":"<!-- This site is optimized with the Yoast SEO plugin v24.5 - https:\/\/yoast.com\/wordpress\/plugins\/seo\/ -->\n<title>PHI | Pyla Jewelry Shop<\/title>\n<meta name=\"robots\" content=\"index, follow, max-snippet:-1, max-image-preview:large, max-video-preview:-1\" \/>\n<link rel=\"canonical\" href=\"https:\/\/shop.pyla.it\/it\/prodotto\/phi\/\" \/>\n<meta property=\"og:locale\" content=\"it_IT\" \/>\n<meta property=\"og:type\" content=\"article\" \/>\n<meta property=\"og:title\" content=\"PHI | Pyla Jewelry Shop\" \/>\n<meta property=\"og:description\" content=\"The ring features a smooth, glossy surface and a dome-shaped design. The deep blue color is rich and vibrant, adding a touch of elegance and sophistication to the piece. The ring is hand-formed and polished to a high shine, making it a unique and one-of-a-kind piece of jewelry. The resin material is lightweight and comfortable to wear, making it perfect for everyday use. Specifics:    Handmade ring    Glossy resin    Sizes available 7 US, 8US, 9US    Length: 3 cm    Weight: 3.1gr\" \/>\n<meta property=\"og:url\" content=\"https:\/\/shop.pyla.it\/it\/prodotto\/phi\/\" \/>\n<meta property=\"og:site_name\" content=\"Pyla Jewelry Shop\" \/>\n<meta property=\"article:publisher\" content=\"https:\/\/www.facebook.com\/PylaJewelry\/\" \/>\n<meta property=\"article:modified_time\" content=\"2024-11-16T18:51:47+00:00\" \/>\n<meta property=\"og:image\" content=\"https:\/\/shop.pyla.it\/wp-content\/uploads\/H4A9377-copia-scaled.jpg\" \/>\n\t<meta property=\"og:image:width\" content=\"2049\" \/>\n\t<meta property=\"og:image:height\" content=\"2560\" \/>\n\t<meta property=\"og:image:type\" content=\"image\/jpeg\" \/>\n<script type=\"application\/ld+json\" class=\"yoast-schema-graph\">{\"@context\":\"https:\/\/schema.org\",\"@graph\":[{\"@type\":\"WebPage\",\"@id\":\"https:\/\/shop.pyla.it\/product\/phi\/\",\"url\":\"https:\/\/shop.pyla.it\/product\/phi\/\",\"name\":\"PHI | Pyla Jewelry Shop\",\"isPartOf\":{\"@id\":\"https:\/\/shop.pyla.it\/#website\"},\"primaryImageOfPage\":{\"@id\":\"https:\/\/shop.pyla.it\/product\/phi\/#primaryimage\"},\"image\":{\"@id\":\"https:\/\/shop.pyla.it\/product\/phi\/#primaryimage\"},\"thumbnailUrl\":\"https:\/\/shop.pyla.it\/wp-content\/uploads\/H4A9377-copia-scaled.jpg\",\"datePublished\":\"2023-03-18T16:22:56+00:00\",\"dateModified\":\"2024-11-16T18:51:47+00:00\",\"breadcrumb\":{\"@id\":\"https:\/\/shop.pyla.it\/product\/phi\/#breadcrumb\"},\"inLanguage\":\"it-IT\",\"potentialAction\":[{\"@type\":\"ReadAction\",\"target\":[\"https:\/\/shop.pyla.it\/product\/phi\/\"]}]},{\"@type\":\"ImageObject\",\"inLanguage\":\"it-IT\",\"@id\":\"https:\/\/shop.pyla.it\/product\/phi\/#primaryimage\",\"url\":\"https:\/\/shop.pyla.it\/wp-content\/uploads\/H4A9377-copia-scaled.jpg\",\"contentUrl\":\"https:\/\/shop.pyla.it\/wp-content\/uploads\/H4A9377-copia-scaled.jpg\",\"width\":2049,\"height\":2560},{\"@type\":\"BreadcrumbList\",\"@id\":\"https:\/\/shop.pyla.it\/product\/phi\/#breadcrumb\",\"itemListElement\":[{\"@type\":\"ListItem\",\"position\":1,\"name\":\"Home\",\"item\":\"https:\/\/shop.pyla.it\/\"},{\"@type\":\"ListItem\",\"position\":2,\"name\":\"Shop\",\"item\":\"https:\/\/shop.pyla.it\/\"},{\"@type\":\"ListItem\",\"position\":3,\"name\":\"PHI\"}]},{\"@type\":\"WebSite\",\"@id\":\"https:\/\/shop.pyla.it\/#website\",\"url\":\"https:\/\/shop.pyla.it\/\",\"name\":\"Pyla Jewelry Shop\",\"description\":\"Form over the substance\",\"publisher\":{\"@id\":\"https:\/\/shop.pyla.it\/#organization\"},\"potentialAction\":[{\"@type\":\"SearchAction\",\"target\":{\"@type\":\"EntryPoint\",\"urlTemplate\":\"https:\/\/shop.pyla.it\/?s={search_term_string}\"},\"query-input\":{\"@type\":\"PropertyValueSpecification\",\"valueRequired\":true,\"valueName\":\"search_term_string\"}}],\"inLanguage\":\"it-IT\"},{\"@type\":\"Organization\",\"@id\":\"https:\/\/shop.pyla.it\/#organization\",\"name\":\"PYLA\",\"url\":\"https:\/\/shop.pyla.it\/\",\"logo\":{\"@type\":\"ImageObject\",\"inLanguage\":\"it-IT\",\"@id\":\"https:\/\/shop.pyla.it\/#\/schema\/logo\/image\/\",\"url\":\"https:\/\/i0.wp.com\/shop.pyla.it\/wp-content\/uploads\/logo-email.png?fit=118%2C56&ssl=1\",\"contentUrl\":\"https:\/\/i0.wp.com\/shop.pyla.it\/wp-content\/uploads\/logo-email.png?fit=118%2C56&ssl=1\",\"width\":118,\"height\":56,\"caption\":\"PYLA\"},\"image\":{\"@id\":\"https:\/\/shop.pyla.it\/#\/schema\/logo\/image\/\"},\"sameAs\":[\"https:\/\/www.facebook.com\/PylaJewelry\/\",\"https:\/\/www.instagram.com\/pylajewelry\/\",\"https:\/\/www.linkedin.com\/company\/pyla-jewelry\/\",\"https:\/\/www.pinterest.it\/pylajewelry\/\"]}]}<\/script>\n<!-- \/ Yoast SEO plugin. -->","yoast_head_json":{"title":"PHI | Pyla Jewelry Shop","robots":{"index":"index","follow":"follow","max-snippet":"max-snippet:-1","max-image-preview":"max-image-preview:large","max-video-preview":"max-video-preview:-1"},"canonical":"https:\/\/shop.pyla.it\/it\/prodotto\/phi\/","og_locale":"it_IT","og_type":"article","og_title":"PHI | Pyla Jewelry Shop","og_description":"The ring features a smooth, glossy surface and a dome-shaped design. The deep blue color is rich and vibrant, adding a touch of elegance and sophistication to the piece. The ring is hand-formed and polished to a high shine, making it a unique and one-of-a-kind piece of jewelry. The resin material is lightweight and comfortable to wear, making it perfect for everyday use. Specifics:    Handmade ring    Glossy resin    Sizes available 7 US, 8US, 9US    Length: 3 cm    Weight: 3.1gr","og_url":"https:\/\/shop.pyla.it\/it\/prodotto\/phi\/","og_site_name":"Pyla Jewelry Shop","article_publisher":"https:\/\/www.facebook.com\/PylaJewelry\/","article_modified_time":"2024-11-16T18:51:47+00:00","og_image":[{"width":2049,"height":2560,"url":"https:\/\/shop.pyla.it\/wp-content\/uploads\/H4A9377-copia-scaled.jpg","type":"image\/jpeg"}],"schema":{"@context":"https:\/\/schema.org","@graph":[{"@type":"WebPage","@id":"https:\/\/shop.pyla.it\/product\/phi\/","url":"https:\/\/shop.pyla.it\/product\/phi\/","name":"PHI | Pyla Jewelry Shop","isPartOf":{"@id":"https:\/\/shop.pyla.it\/#website"},"primaryImageOfPage":{"@id":"https:\/\/shop.pyla.it\/product\/phi\/#primaryimage"},"image":{"@id":"https:\/\/shop.pyla.it\/product\/phi\/#primaryimage"},"thumbnailUrl":"https:\/\/shop.pyla.it\/wp-content\/uploads\/H4A9377-copia-scaled.jpg","datePublished":"2023-03-18T16:22:56+00:00","dateModified":"2024-11-16T18:51:47+00:00","breadcrumb":{"@id":"https:\/\/shop.pyla.it\/product\/phi\/#breadcrumb"},"inLanguage":"it-IT","potentialAction":[{"@type":"ReadAction","target":["https:\/\/shop.pyla.it\/product\/phi\/"]}]},{"@type":"ImageObject","inLanguage":"it-IT","@id":"https:\/\/shop.pyla.it\/product\/phi\/#primaryimage","url":"https:\/\/shop.pyla.it\/wp-content\/uploads\/H4A9377-copia-scaled.jpg","contentUrl":"https:\/\/shop.pyla.it\/wp-content\/uploads\/H4A9377-copia-scaled.jpg","width":2049,"height":2560},{"@type":"BreadcrumbList","@id":"https:\/\/shop.pyla.it\/product\/phi\/#breadcrumb","itemListElement":[{"@type":"ListItem","position":1,"name":"Home","item":"https:\/\/shop.pyla.it\/"},{"@type":"ListItem","position":2,"name":"Shop","item":"https:\/\/shop.pyla.it\/"},{"@type":"ListItem","position":3,"name":"PHI"}]},{"@type":"WebSite","@id":"https:\/\/shop.pyla.it\/#website","url":"https:\/\/shop.pyla.it\/","name":"Gioielleria Pyla","description":"Form over the substance","publisher":{"@id":"https:\/\/shop.pyla.it\/#organization"},"potentialAction":[{"@type":"SearchAction","target":{"@type":"EntryPoint","urlTemplate":"https:\/\/shop.pyla.it\/?s={search_term_string}"},"query-input":{"@type":"PropertyValueSpecification","valueRequired":true,"valueName":"search_term_string"}}],"inLanguage":"it-IT"},{"@type":"Organization","@id":"https:\/\/shop.pyla.it\/#organization","name":"PYLA","url":"https:\/\/shop.pyla.it\/","logo":{"@type":"ImageObject","inLanguage":"it-IT","@id":"https:\/\/shop.pyla.it\/#\/schema\/logo\/image\/","url":"https:\/\/i0.wp.com\/shop.pyla.it\/wp-content\/uploads\/logo-email.png?fit=118%2C56&ssl=1","contentUrl":"https:\/\/i0.wp.com\/shop.pyla.it\/wp-content\/uploads\/logo-email.png?fit=118%2C56&ssl=1","width":118,"height":56,"caption":"PYLA"},"image":{"@id":"https:\/\/shop.pyla.it\/#\/schema\/logo\/image\/"},"sameAs":["https:\/\/www.facebook.com\/PylaJewelry\/","https:\/\/www.instagram.com\/pylajewelry\/","https:\/\/www.linkedin.com\/company\/pyla-jewelry\/","https:\/\/www.pinterest.it\/pylajewelry\/"]}]}},"jetpack_sharing_enabled":true,"amp_enabled":true,"_links":{"self":[{"href":"https:\/\/shop.pyla.it\/it\/wp-json\/wp\/v2\/product\/9056"}],"collection":[{"href":"https:\/\/shop.pyla.it\/it\/wp-json\/wp\/v2\/product"}],"about":[{"href":"https:\/\/shop.pyla.it\/it\/wp-json\/wp\/v2\/types\/product"}],"replies":[{"embeddable":true,"href":"https:\/\/shop.pyla.it\/it\/wp-json\/wp\/v2\/comments?post=9056"}],"version-history":[{"count":3,"href":"https:\/\/shop.pyla.it\/it\/wp-json\/wp\/v2\/product\/9056\/revisions"}],"predecessor-version":[{"id":10306,"href":"https:\/\/shop.pyla.it\/it\/wp-json\/wp\/v2\/product\/9056\/revisions\/10306"}],"wp:featuredmedia":[{"embeddable":true,"href":"https:\/\/shop.pyla.it\/it\/wp-json\/wp\/v2\/media\/9423"}],"wp:attachment":[{"href":"https:\/\/shop.pyla.it\/it\/wp-json\/wp\/v2\/media?parent=9056"}],"wp:term":[{"taxonomy":"product_cat","embeddable":true,"href":"https:\/\/shop.pyla.it\/it\/wp-json\/wp\/v2\/product_cat?post=9056"},{"taxonomy":"product_tag","embeddable":true,"href":"https:\/\/shop.pyla.it\/it\/wp-json\/wp\/v2\/product_tag?post=9056"},{"taxonomy":"giftcard-category","embeddable":true,"href":"https:\/\/shop.pyla.it\/it\/wp-json\/wp\/v2\/giftcard-category?post=9056"}],"curies":[{"name":"wp","href":"https:\/\/api.w.org\/{rel}","templated":true}]}}