{"id":9015,"date":"2023-03-18T20:41:08","date_gmt":"2023-03-18T19:41:08","guid":{"rendered":"https:\/\/shop.pyla.it\/?post_type=product&#038;p=9015"},"modified":"2024-11-19T22:10:40","modified_gmt":"2024-11-19T21:10:40","slug":"gamma","status":"publish","type":"product","link":"https:\/\/shop.pyla.it\/it\/prodotto\/gamma\/","title":{"rendered":"GAMMA"},"content":{"rendered":"","protected":false},"excerpt":{"rendered":"<p class=\"p1\">Questa collana \u00e8 composta da una delicata catena in alluminio che si posa elegantemente attorno al collo. Il punto forte della collana \u00e8 il dettaglio in resina unico che aggiunge un tocco di texture a questo accessorio. Leggera e versatile, questa collana \u00e8 perfetta per essere usata tutti i giorni o per abbellire un outfit per un'occasione speciale.<\/p>\n<p>Specifiche:<\/p>\n<ul>\n<li>\n<p class=\"p1\">Collana fatta a mano<\/p>\n<\/li>\n<li>\n<p class=\"p1\">Catena in alluminio<\/p>\n<\/li>\n<li>\n<p class=\"p1\">Dettagli in resina<\/p>\n<\/li>\n<li>\n<p class=\"p1\">Chiusura a moschettone placcata argento<\/p>\n<\/li>\n<li>\n<p class=\"p1\">Lunghezza: 60cm<\/p>\n<\/li>\n<li>\n<p class=\"p1\">Peso: 26gr<\/p>\n<\/li>\n<\/ul>","protected":false},"featured_media":9450,"comment_status":"open","ping_status":"closed","template":"","meta":{"_joinchat":[]},"product_cat":[51,20],"product_tag":[],"giftcard-category":[],"yoast_head":"<!-- This site is optimized with the Yoast SEO plugin v24.5 - https:\/\/yoast.com\/wordpress\/plugins\/seo\/ -->\n<title>GAMMA | Pyla Jewelry Shop<\/title>\n<meta name=\"robots\" content=\"index, follow, max-snippet:-1, max-image-preview:large, max-video-preview:-1\" \/>\n<link rel=\"canonical\" href=\"https:\/\/shop.pyla.it\/it\/prodotto\/gamma\/\" \/>\n<meta property=\"og:locale\" content=\"it_IT\" \/>\n<meta property=\"og:type\" content=\"article\" \/>\n<meta property=\"og:title\" content=\"GAMMA | Pyla Jewelry Shop\" \/>\n<meta property=\"og:description\" content=\"This necklace features a delicate aluminum chain that drapes elegantly around the neck. The centerpiece of the necklace is a unique resin detail that adds a pop of texture to the piece. Lightweight and versatile, this necklace is perfect for everyday wear or for dressing up an outfit for a special occasion. Specifics:    Handmade necklace    Aluminum chain    Details in resin    Silver plated lobster clasp    Length: 60cm    Weight: 26gr\" \/>\n<meta property=\"og:url\" content=\"https:\/\/shop.pyla.it\/it\/prodotto\/gamma\/\" \/>\n<meta property=\"og:site_name\" content=\"Pyla Jewelry Shop\" \/>\n<meta property=\"article:publisher\" content=\"https:\/\/www.facebook.com\/PylaJewelry\/\" \/>\n<meta property=\"article:modified_time\" content=\"2024-11-19T21:10:40+00:00\" \/>\n<meta property=\"og:image\" content=\"https:\/\/shop.pyla.it\/wp-content\/uploads\/P1013655-copia-1-scaled.jpg\" \/>\n\t<meta property=\"og:image:width\" content=\"2047\" \/>\n\t<meta property=\"og:image:height\" content=\"2560\" \/>\n\t<meta property=\"og:image:type\" content=\"image\/jpeg\" \/>\n<script type=\"application\/ld+json\" class=\"yoast-schema-graph\">{\"@context\":\"https:\/\/schema.org\",\"@graph\":[{\"@type\":\"WebPage\",\"@id\":\"https:\/\/shop.pyla.it\/product\/gamma\/\",\"url\":\"https:\/\/shop.pyla.it\/product\/gamma\/\",\"name\":\"GAMMA | Pyla Jewelry Shop\",\"isPartOf\":{\"@id\":\"https:\/\/shop.pyla.it\/#website\"},\"primaryImageOfPage\":{\"@id\":\"https:\/\/shop.pyla.it\/product\/gamma\/#primaryimage\"},\"image\":{\"@id\":\"https:\/\/shop.pyla.it\/product\/gamma\/#primaryimage\"},\"thumbnailUrl\":\"https:\/\/shop.pyla.it\/wp-content\/uploads\/P1013655-copia-1-scaled.jpg\",\"datePublished\":\"2023-03-18T19:41:08+00:00\",\"dateModified\":\"2024-11-19T21:10:40+00:00\",\"breadcrumb\":{\"@id\":\"https:\/\/shop.pyla.it\/product\/gamma\/#breadcrumb\"},\"inLanguage\":\"it-IT\",\"potentialAction\":[{\"@type\":\"ReadAction\",\"target\":[\"https:\/\/shop.pyla.it\/product\/gamma\/\"]}]},{\"@type\":\"ImageObject\",\"inLanguage\":\"it-IT\",\"@id\":\"https:\/\/shop.pyla.it\/product\/gamma\/#primaryimage\",\"url\":\"https:\/\/shop.pyla.it\/wp-content\/uploads\/P1013655-copia-1-scaled.jpg\",\"contentUrl\":\"https:\/\/shop.pyla.it\/wp-content\/uploads\/P1013655-copia-1-scaled.jpg\",\"width\":2047,\"height\":2560,\"caption\":\"OLYMPUS DIGITAL CAMERA\"},{\"@type\":\"BreadcrumbList\",\"@id\":\"https:\/\/shop.pyla.it\/product\/gamma\/#breadcrumb\",\"itemListElement\":[{\"@type\":\"ListItem\",\"position\":1,\"name\":\"Home\",\"item\":\"https:\/\/shop.pyla.it\/\"},{\"@type\":\"ListItem\",\"position\":2,\"name\":\"Shop\",\"item\":\"https:\/\/shop.pyla.it\/\"},{\"@type\":\"ListItem\",\"position\":3,\"name\":\"GAMMA\"}]},{\"@type\":\"WebSite\",\"@id\":\"https:\/\/shop.pyla.it\/#website\",\"url\":\"https:\/\/shop.pyla.it\/\",\"name\":\"Pyla Jewelry Shop\",\"description\":\"Form over the substance\",\"publisher\":{\"@id\":\"https:\/\/shop.pyla.it\/#organization\"},\"potentialAction\":[{\"@type\":\"SearchAction\",\"target\":{\"@type\":\"EntryPoint\",\"urlTemplate\":\"https:\/\/shop.pyla.it\/?s={search_term_string}\"},\"query-input\":{\"@type\":\"PropertyValueSpecification\",\"valueRequired\":true,\"valueName\":\"search_term_string\"}}],\"inLanguage\":\"it-IT\"},{\"@type\":\"Organization\",\"@id\":\"https:\/\/shop.pyla.it\/#organization\",\"name\":\"PYLA\",\"url\":\"https:\/\/shop.pyla.it\/\",\"logo\":{\"@type\":\"ImageObject\",\"inLanguage\":\"it-IT\",\"@id\":\"https:\/\/shop.pyla.it\/#\/schema\/logo\/image\/\",\"url\":\"https:\/\/i0.wp.com\/shop.pyla.it\/wp-content\/uploads\/logo-email.png?fit=118%2C56&ssl=1\",\"contentUrl\":\"https:\/\/i0.wp.com\/shop.pyla.it\/wp-content\/uploads\/logo-email.png?fit=118%2C56&ssl=1\",\"width\":118,\"height\":56,\"caption\":\"PYLA\"},\"image\":{\"@id\":\"https:\/\/shop.pyla.it\/#\/schema\/logo\/image\/\"},\"sameAs\":[\"https:\/\/www.facebook.com\/PylaJewelry\/\",\"https:\/\/www.instagram.com\/pylajewelry\/\",\"https:\/\/www.linkedin.com\/company\/pyla-jewelry\/\",\"https:\/\/www.pinterest.it\/pylajewelry\/\"]}]}<\/script>\n<!-- \/ Yoast SEO plugin. -->","yoast_head_json":{"title":"GAMMA | Pyla Jewelry Shop","robots":{"index":"index","follow":"follow","max-snippet":"max-snippet:-1","max-image-preview":"max-image-preview:large","max-video-preview":"max-video-preview:-1"},"canonical":"https:\/\/shop.pyla.it\/it\/prodotto\/gamma\/","og_locale":"it_IT","og_type":"article","og_title":"GAMMA | Pyla Jewelry Shop","og_description":"This necklace features a delicate aluminum chain that drapes elegantly around the neck. The centerpiece of the necklace is a unique resin detail that adds a pop of texture to the piece. Lightweight and versatile, this necklace is perfect for everyday wear or for dressing up an outfit for a special occasion. Specifics:    Handmade necklace    Aluminum chain    Details in resin    Silver plated lobster clasp    Length: 60cm    Weight: 26gr","og_url":"https:\/\/shop.pyla.it\/it\/prodotto\/gamma\/","og_site_name":"Pyla Jewelry Shop","article_publisher":"https:\/\/www.facebook.com\/PylaJewelry\/","article_modified_time":"2024-11-19T21:10:40+00:00","og_image":[{"width":2047,"height":2560,"url":"https:\/\/shop.pyla.it\/wp-content\/uploads\/P1013655-copia-1-scaled.jpg","type":"image\/jpeg"}],"schema":{"@context":"https:\/\/schema.org","@graph":[{"@type":"WebPage","@id":"https:\/\/shop.pyla.it\/product\/gamma\/","url":"https:\/\/shop.pyla.it\/product\/gamma\/","name":"GAMMA | Pyla Jewelry Shop","isPartOf":{"@id":"https:\/\/shop.pyla.it\/#website"},"primaryImageOfPage":{"@id":"https:\/\/shop.pyla.it\/product\/gamma\/#primaryimage"},"image":{"@id":"https:\/\/shop.pyla.it\/product\/gamma\/#primaryimage"},"thumbnailUrl":"https:\/\/shop.pyla.it\/wp-content\/uploads\/P1013655-copia-1-scaled.jpg","datePublished":"2023-03-18T19:41:08+00:00","dateModified":"2024-11-19T21:10:40+00:00","breadcrumb":{"@id":"https:\/\/shop.pyla.it\/product\/gamma\/#breadcrumb"},"inLanguage":"it-IT","potentialAction":[{"@type":"ReadAction","target":["https:\/\/shop.pyla.it\/product\/gamma\/"]}]},{"@type":"ImageObject","inLanguage":"it-IT","@id":"https:\/\/shop.pyla.it\/product\/gamma\/#primaryimage","url":"https:\/\/shop.pyla.it\/wp-content\/uploads\/P1013655-copia-1-scaled.jpg","contentUrl":"https:\/\/shop.pyla.it\/wp-content\/uploads\/P1013655-copia-1-scaled.jpg","width":2047,"height":2560,"caption":"OLYMPUS DIGITAL CAMERA"},{"@type":"BreadcrumbList","@id":"https:\/\/shop.pyla.it\/product\/gamma\/#breadcrumb","itemListElement":[{"@type":"ListItem","position":1,"name":"Home","item":"https:\/\/shop.pyla.it\/"},{"@type":"ListItem","position":2,"name":"Shop","item":"https:\/\/shop.pyla.it\/"},{"@type":"ListItem","position":3,"name":"GAMMA"}]},{"@type":"WebSite","@id":"https:\/\/shop.pyla.it\/#website","url":"https:\/\/shop.pyla.it\/","name":"Gioielleria Pyla","description":"Form over the substance","publisher":{"@id":"https:\/\/shop.pyla.it\/#organization"},"potentialAction":[{"@type":"SearchAction","target":{"@type":"EntryPoint","urlTemplate":"https:\/\/shop.pyla.it\/?s={search_term_string}"},"query-input":{"@type":"PropertyValueSpecification","valueRequired":true,"valueName":"search_term_string"}}],"inLanguage":"it-IT"},{"@type":"Organization","@id":"https:\/\/shop.pyla.it\/#organization","name":"PYLA","url":"https:\/\/shop.pyla.it\/","logo":{"@type":"ImageObject","inLanguage":"it-IT","@id":"https:\/\/shop.pyla.it\/#\/schema\/logo\/image\/","url":"https:\/\/i0.wp.com\/shop.pyla.it\/wp-content\/uploads\/logo-email.png?fit=118%2C56&ssl=1","contentUrl":"https:\/\/i0.wp.com\/shop.pyla.it\/wp-content\/uploads\/logo-email.png?fit=118%2C56&ssl=1","width":118,"height":56,"caption":"PYLA"},"image":{"@id":"https:\/\/shop.pyla.it\/#\/schema\/logo\/image\/"},"sameAs":["https:\/\/www.facebook.com\/PylaJewelry\/","https:\/\/www.instagram.com\/pylajewelry\/","https:\/\/www.linkedin.com\/company\/pyla-jewelry\/","https:\/\/www.pinterest.it\/pylajewelry\/"]}]}},"jetpack_sharing_enabled":true,"amp_enabled":true,"_links":{"self":[{"href":"https:\/\/shop.pyla.it\/it\/wp-json\/wp\/v2\/product\/9015"}],"collection":[{"href":"https:\/\/shop.pyla.it\/it\/wp-json\/wp\/v2\/product"}],"about":[{"href":"https:\/\/shop.pyla.it\/it\/wp-json\/wp\/v2\/types\/product"}],"replies":[{"embeddable":true,"href":"https:\/\/shop.pyla.it\/it\/wp-json\/wp\/v2\/comments?post=9015"}],"version-history":[{"count":4,"href":"https:\/\/shop.pyla.it\/it\/wp-json\/wp\/v2\/product\/9015\/revisions"}],"predecessor-version":[{"id":9132,"href":"https:\/\/shop.pyla.it\/it\/wp-json\/wp\/v2\/product\/9015\/revisions\/9132"}],"wp:featuredmedia":[{"embeddable":true,"href":"https:\/\/shop.pyla.it\/it\/wp-json\/wp\/v2\/media\/9450"}],"wp:attachment":[{"href":"https:\/\/shop.pyla.it\/it\/wp-json\/wp\/v2\/media?parent=9015"}],"wp:term":[{"taxonomy":"product_cat","embeddable":true,"href":"https:\/\/shop.pyla.it\/it\/wp-json\/wp\/v2\/product_cat?post=9015"},{"taxonomy":"product_tag","embeddable":true,"href":"https:\/\/shop.pyla.it\/it\/wp-json\/wp\/v2\/product_tag?post=9015"},{"taxonomy":"giftcard-category","embeddable":true,"href":"https:\/\/shop.pyla.it\/it\/wp-json\/wp\/v2\/giftcard-category?post=9015"}],"curies":[{"name":"wp","href":"https:\/\/api.w.org\/{rel}","templated":true}]}}