{"id":9009,"date":"2023-03-17T16:11:56","date_gmt":"2023-03-17T15:11:56","guid":{"rendered":"https:\/\/shop.pyla.it\/?post_type=product&#038;p=9009"},"modified":"2025-02-24T11:40:46","modified_gmt":"2025-02-24T10:40:46","slug":"beta","status":"publish","type":"product","link":"https:\/\/shop.pyla.it\/it\/prodotto\/beta\/","title":{"rendered":"BETA"},"content":{"rendered":"","protected":false},"excerpt":{"rendered":"<p class=\"p1\">La catena in alluminio ha una finitura brillante e lucida che aggiunger\u00e0 un tocco di glamour al tuo look quotidiano. Il ciondolo in resina \u00e8 delicato ma allo stesso tempo aggiunge una nota chic in pi\u00f9 alla collana. Questo accessorio \u00e8 perfetto per chi vuole inserire un po' di brillantezza nel proprio guardaroba senza esagerare!<\/p>\n<p>Specifiche:<\/p>\n<ul>\n<li>\n<p class=\"p1\">Collana fatta a mano<\/p>\n<\/li>\n<li>\n<p class=\"p1\">Catena in alluminio<\/p>\n<\/li>\n<li>\n<p class=\"p1\">Pendente in resina<\/p>\n<\/li>\n<li>\n<p class=\"p1\">Chiusura a moschettone placcata argento<\/p>\n<\/li>\n<li>\n<p class=\"p1\">Lunghezza: 24 cm<\/p>\n<\/li>\n<li>\n<p class=\"p1\">Peso: 11gr<\/p>\n<\/li>\n<\/ul>","protected":false},"featured_media":9103,"comment_status":"open","ping_status":"closed","template":"","meta":{"_joinchat":[]},"product_cat":[51,20],"product_tag":[],"giftcard-category":[],"yoast_head":"<!-- This site is optimized with the Yoast SEO plugin v24.5 - https:\/\/yoast.com\/wordpress\/plugins\/seo\/ -->\n<title>BETA | Pyla Jewelry Shop<\/title>\n<meta name=\"robots\" content=\"index, follow, max-snippet:-1, max-image-preview:large, max-video-preview:-1\" \/>\n<link rel=\"canonical\" href=\"https:\/\/shop.pyla.it\/it\/prodotto\/beta\/\" \/>\n<meta property=\"og:locale\" content=\"it_IT\" \/>\n<meta property=\"og:type\" content=\"article\" \/>\n<meta property=\"og:title\" content=\"BETA | Pyla Jewelry Shop\" \/>\n<meta property=\"og:description\" content=\"The aluminium chain has a bright, shiny finish that will add a touch of glamour to your everyday look. The resin pendant is a beautiful addition that adds a little extra flair to the necklace. This necklace is perfect for those who want to add a little bit of sparkle to their wardrobe without going overboard! Specifics:    Handmade necklace    Aluminum chain    Resin pendant    Silver plated lobster clasp    Length: 24cm    Weight: 11gr\" \/>\n<meta property=\"og:url\" content=\"https:\/\/shop.pyla.it\/it\/prodotto\/beta\/\" \/>\n<meta property=\"og:site_name\" content=\"Pyla Jewelry Shop\" \/>\n<meta property=\"article:publisher\" content=\"https:\/\/www.facebook.com\/PylaJewelry\/\" \/>\n<meta property=\"article:modified_time\" content=\"2025-02-24T10:40:46+00:00\" \/>\n<meta property=\"og:image\" content=\"https:\/\/shop.pyla.it\/wp-content\/uploads\/H4A9364-scaled.jpg\" \/>\n\t<meta property=\"og:image:width\" content=\"2560\" \/>\n\t<meta property=\"og:image:height\" content=\"1706\" \/>\n\t<meta property=\"og:image:type\" content=\"image\/jpeg\" \/>\n<script type=\"application\/ld+json\" class=\"yoast-schema-graph\">{\"@context\":\"https:\/\/schema.org\",\"@graph\":[{\"@type\":\"WebPage\",\"@id\":\"https:\/\/shop.pyla.it\/product\/beta\/\",\"url\":\"https:\/\/shop.pyla.it\/product\/beta\/\",\"name\":\"BETA | Pyla Jewelry Shop\",\"isPartOf\":{\"@id\":\"https:\/\/shop.pyla.it\/#website\"},\"primaryImageOfPage\":{\"@id\":\"https:\/\/shop.pyla.it\/product\/beta\/#primaryimage\"},\"image\":{\"@id\":\"https:\/\/shop.pyla.it\/product\/beta\/#primaryimage\"},\"thumbnailUrl\":\"https:\/\/shop.pyla.it\/wp-content\/uploads\/H4A9364-scaled.jpg\",\"datePublished\":\"2023-03-17T15:11:56+00:00\",\"dateModified\":\"2025-02-24T10:40:46+00:00\",\"breadcrumb\":{\"@id\":\"https:\/\/shop.pyla.it\/product\/beta\/#breadcrumb\"},\"inLanguage\":\"it-IT\",\"potentialAction\":[{\"@type\":\"ReadAction\",\"target\":[\"https:\/\/shop.pyla.it\/product\/beta\/\"]}]},{\"@type\":\"ImageObject\",\"inLanguage\":\"it-IT\",\"@id\":\"https:\/\/shop.pyla.it\/product\/beta\/#primaryimage\",\"url\":\"https:\/\/shop.pyla.it\/wp-content\/uploads\/H4A9364-scaled.jpg\",\"contentUrl\":\"https:\/\/shop.pyla.it\/wp-content\/uploads\/H4A9364-scaled.jpg\",\"width\":2560,\"height\":1706},{\"@type\":\"BreadcrumbList\",\"@id\":\"https:\/\/shop.pyla.it\/product\/beta\/#breadcrumb\",\"itemListElement\":[{\"@type\":\"ListItem\",\"position\":1,\"name\":\"Home\",\"item\":\"https:\/\/shop.pyla.it\/\"},{\"@type\":\"ListItem\",\"position\":2,\"name\":\"Shop\",\"item\":\"https:\/\/shop.pyla.it\/\"},{\"@type\":\"ListItem\",\"position\":3,\"name\":\"BETA\"}]},{\"@type\":\"WebSite\",\"@id\":\"https:\/\/shop.pyla.it\/#website\",\"url\":\"https:\/\/shop.pyla.it\/\",\"name\":\"Pyla Jewelry Shop\",\"description\":\"Form over the substance\",\"publisher\":{\"@id\":\"https:\/\/shop.pyla.it\/#organization\"},\"potentialAction\":[{\"@type\":\"SearchAction\",\"target\":{\"@type\":\"EntryPoint\",\"urlTemplate\":\"https:\/\/shop.pyla.it\/?s={search_term_string}\"},\"query-input\":{\"@type\":\"PropertyValueSpecification\",\"valueRequired\":true,\"valueName\":\"search_term_string\"}}],\"inLanguage\":\"it-IT\"},{\"@type\":\"Organization\",\"@id\":\"https:\/\/shop.pyla.it\/#organization\",\"name\":\"PYLA\",\"url\":\"https:\/\/shop.pyla.it\/\",\"logo\":{\"@type\":\"ImageObject\",\"inLanguage\":\"it-IT\",\"@id\":\"https:\/\/shop.pyla.it\/#\/schema\/logo\/image\/\",\"url\":\"https:\/\/i0.wp.com\/shop.pyla.it\/wp-content\/uploads\/logo-email.png?fit=118%2C56&ssl=1\",\"contentUrl\":\"https:\/\/i0.wp.com\/shop.pyla.it\/wp-content\/uploads\/logo-email.png?fit=118%2C56&ssl=1\",\"width\":118,\"height\":56,\"caption\":\"PYLA\"},\"image\":{\"@id\":\"https:\/\/shop.pyla.it\/#\/schema\/logo\/image\/\"},\"sameAs\":[\"https:\/\/www.facebook.com\/PylaJewelry\/\",\"https:\/\/www.instagram.com\/pylajewelry\/\",\"https:\/\/www.linkedin.com\/company\/pyla-jewelry\/\",\"https:\/\/www.pinterest.it\/pylajewelry\/\"]}]}<\/script>\n<!-- \/ Yoast SEO plugin. -->","yoast_head_json":{"title":"BETA | Pyla Jewelry Shop","robots":{"index":"index","follow":"follow","max-snippet":"max-snippet:-1","max-image-preview":"max-image-preview:large","max-video-preview":"max-video-preview:-1"},"canonical":"https:\/\/shop.pyla.it\/it\/prodotto\/beta\/","og_locale":"it_IT","og_type":"article","og_title":"BETA | Pyla Jewelry Shop","og_description":"The aluminium chain has a bright, shiny finish that will add a touch of glamour to your everyday look. The resin pendant is a beautiful addition that adds a little extra flair to the necklace. This necklace is perfect for those who want to add a little bit of sparkle to their wardrobe without going overboard! Specifics:    Handmade necklace    Aluminum chain    Resin pendant    Silver plated lobster clasp    Length: 24cm    Weight: 11gr","og_url":"https:\/\/shop.pyla.it\/it\/prodotto\/beta\/","og_site_name":"Pyla Jewelry Shop","article_publisher":"https:\/\/www.facebook.com\/PylaJewelry\/","article_modified_time":"2025-02-24T10:40:46+00:00","og_image":[{"width":2560,"height":1706,"url":"https:\/\/shop.pyla.it\/wp-content\/uploads\/H4A9364-scaled.jpg","type":"image\/jpeg"}],"schema":{"@context":"https:\/\/schema.org","@graph":[{"@type":"WebPage","@id":"https:\/\/shop.pyla.it\/product\/beta\/","url":"https:\/\/shop.pyla.it\/product\/beta\/","name":"BETA | Pyla Jewelry Shop","isPartOf":{"@id":"https:\/\/shop.pyla.it\/#website"},"primaryImageOfPage":{"@id":"https:\/\/shop.pyla.it\/product\/beta\/#primaryimage"},"image":{"@id":"https:\/\/shop.pyla.it\/product\/beta\/#primaryimage"},"thumbnailUrl":"https:\/\/shop.pyla.it\/wp-content\/uploads\/H4A9364-scaled.jpg","datePublished":"2023-03-17T15:11:56+00:00","dateModified":"2025-02-24T10:40:46+00:00","breadcrumb":{"@id":"https:\/\/shop.pyla.it\/product\/beta\/#breadcrumb"},"inLanguage":"it-IT","potentialAction":[{"@type":"ReadAction","target":["https:\/\/shop.pyla.it\/product\/beta\/"]}]},{"@type":"ImageObject","inLanguage":"it-IT","@id":"https:\/\/shop.pyla.it\/product\/beta\/#primaryimage","url":"https:\/\/shop.pyla.it\/wp-content\/uploads\/H4A9364-scaled.jpg","contentUrl":"https:\/\/shop.pyla.it\/wp-content\/uploads\/H4A9364-scaled.jpg","width":2560,"height":1706},{"@type":"BreadcrumbList","@id":"https:\/\/shop.pyla.it\/product\/beta\/#breadcrumb","itemListElement":[{"@type":"ListItem","position":1,"name":"Home","item":"https:\/\/shop.pyla.it\/"},{"@type":"ListItem","position":2,"name":"Shop","item":"https:\/\/shop.pyla.it\/"},{"@type":"ListItem","position":3,"name":"BETA"}]},{"@type":"WebSite","@id":"https:\/\/shop.pyla.it\/#website","url":"https:\/\/shop.pyla.it\/","name":"Gioielleria Pyla","description":"Form over the substance","publisher":{"@id":"https:\/\/shop.pyla.it\/#organization"},"potentialAction":[{"@type":"SearchAction","target":{"@type":"EntryPoint","urlTemplate":"https:\/\/shop.pyla.it\/?s={search_term_string}"},"query-input":{"@type":"PropertyValueSpecification","valueRequired":true,"valueName":"search_term_string"}}],"inLanguage":"it-IT"},{"@type":"Organization","@id":"https:\/\/shop.pyla.it\/#organization","name":"PYLA","url":"https:\/\/shop.pyla.it\/","logo":{"@type":"ImageObject","inLanguage":"it-IT","@id":"https:\/\/shop.pyla.it\/#\/schema\/logo\/image\/","url":"https:\/\/i0.wp.com\/shop.pyla.it\/wp-content\/uploads\/logo-email.png?fit=118%2C56&ssl=1","contentUrl":"https:\/\/i0.wp.com\/shop.pyla.it\/wp-content\/uploads\/logo-email.png?fit=118%2C56&ssl=1","width":118,"height":56,"caption":"PYLA"},"image":{"@id":"https:\/\/shop.pyla.it\/#\/schema\/logo\/image\/"},"sameAs":["https:\/\/www.facebook.com\/PylaJewelry\/","https:\/\/www.instagram.com\/pylajewelry\/","https:\/\/www.linkedin.com\/company\/pyla-jewelry\/","https:\/\/www.pinterest.it\/pylajewelry\/"]}]}},"jetpack_sharing_enabled":true,"amp_enabled":true,"_links":{"self":[{"href":"https:\/\/shop.pyla.it\/it\/wp-json\/wp\/v2\/product\/9009"}],"collection":[{"href":"https:\/\/shop.pyla.it\/it\/wp-json\/wp\/v2\/product"}],"about":[{"href":"https:\/\/shop.pyla.it\/it\/wp-json\/wp\/v2\/types\/product"}],"replies":[{"embeddable":true,"href":"https:\/\/shop.pyla.it\/it\/wp-json\/wp\/v2\/comments?post=9009"}],"version-history":[{"count":1,"href":"https:\/\/shop.pyla.it\/it\/wp-json\/wp\/v2\/product\/9009\/revisions"}],"predecessor-version":[{"id":9014,"href":"https:\/\/shop.pyla.it\/it\/wp-json\/wp\/v2\/product\/9009\/revisions\/9014"}],"wp:featuredmedia":[{"embeddable":true,"href":"https:\/\/shop.pyla.it\/it\/wp-json\/wp\/v2\/media\/9103"}],"wp:attachment":[{"href":"https:\/\/shop.pyla.it\/it\/wp-json\/wp\/v2\/media?parent=9009"}],"wp:term":[{"taxonomy":"product_cat","embeddable":true,"href":"https:\/\/shop.pyla.it\/it\/wp-json\/wp\/v2\/product_cat?post=9009"},{"taxonomy":"product_tag","embeddable":true,"href":"https:\/\/shop.pyla.it\/it\/wp-json\/wp\/v2\/product_tag?post=9009"},{"taxonomy":"giftcard-category","embeddable":true,"href":"https:\/\/shop.pyla.it\/it\/wp-json\/wp\/v2\/giftcard-category?post=9009"}],"curies":[{"name":"wp","href":"https:\/\/api.w.org\/{rel}","templated":true}]}}