{"id":7592,"date":"2022-10-02T00:00:03","date_gmt":"2022-10-01T22:00:03","guid":{"rendered":"https:\/\/shop.pyla.it\/?post_type=product&#038;p=7592"},"modified":"2024-11-28T18:28:54","modified_gmt":"2024-11-28T17:28:54","slug":"cristal","status":"publish","type":"product","link":"https:\/\/shop.pyla.it\/it\/prodotto\/cristal\/","title":{"rendered":"CRISTAL"},"content":{"rendered":"","protected":false},"excerpt":{"rendered":"<p>Questo anello \u00e8 stato immaginato come un cristallo levigato dal tempo sul nostro splendente satellite, e per le sue caratteristiche intrinseche pu\u00f2 essere indossato anche in acqua senza che nulla lo scalfisca.<\/p>\n<p>Volevamo creare qualcosa che si adattasse alle esigenze di tutti i tipi di persone: da coloro in cerca di avventure a quelli che preferiscono uno stile di vita pi\u00f9 semplice. Questo anello \u00e8 realizzato con materiale di qualit\u00e0 in modo da poterlo indossare per gli anni a venire!<\/p>\n<p style=\"text-align: left;\">Specifiche:<\/p>\n<div class=\"page\" title=\"Page 8\">\n<div class=\"layoutArea\">\n<div class=\"column\">\n<ul>\n<li style=\"text-align: left;\">Anello fatto a mano<\/li>\n<li style=\"text-align: left;\">Forma asimmetrica<\/li>\n<li style=\"text-align: left;\">Acciaio dorato<\/li>\n<li style=\"text-align: left;\">Resistente all'acqua<\/li>\n<li style=\"text-align: left;\">Taglie disponibili: 6US, 7US, 8US, 9US<\/li>\n<li style=\"text-align: left;\">Spessore: 0.06cm - 0.09cm<\/li>\n<li style=\"text-align: left;\">Peso: circa 8gr<\/li>\n<\/ul>\n<\/div>\n<\/div>\n<\/div>","protected":false},"featured_media":9608,"comment_status":"open","ping_status":"closed","template":"","meta":{"_joinchat":[]},"product_cat":[51,23],"product_tag":[],"giftcard-category":[],"yoast_head":"<!-- This site is optimized with the Yoast SEO plugin v24.5 - https:\/\/yoast.com\/wordpress\/plugins\/seo\/ -->\n<title>CRISTAL | Pyla Jewelry Shop<\/title>\n<meta name=\"robots\" content=\"index, follow, max-snippet:-1, max-image-preview:large, max-video-preview:-1\" \/>\n<link rel=\"canonical\" href=\"https:\/\/shop.pyla.it\/it\/prodotto\/cristal\/\" \/>\n<meta property=\"og:locale\" content=\"it_IT\" \/>\n<meta property=\"og:type\" content=\"article\" \/>\n<meta property=\"og:title\" content=\"CRISTAL | Pyla Jewelry Shop\" \/>\n<meta property=\"og:description\" content=\"This ring was imagined as a crystal polished by time on our shining satellite, and because of its inherent characteristics it can be worn even in water without anything scratching it.  We wanted to create something that would fit the needs of all kinds of people: from adventure-seekers to those who prefer a more simple life style. This ring is made from the highest quality material so you can wear it for years to come! Specifics:       Handmade ring  Asymmetrical shape  Gold-tone steel  Waterproof  Available sizes: 6US, 7US, 8US, 9US  Thickness: 0.06cm - 0.09cm  Weight: about 8gr\" \/>\n<meta property=\"og:url\" content=\"https:\/\/shop.pyla.it\/it\/prodotto\/cristal\/\" \/>\n<meta property=\"og:site_name\" content=\"Pyla Jewelry Shop\" \/>\n<meta property=\"article:publisher\" content=\"https:\/\/www.facebook.com\/PylaJewelry\/\" \/>\n<meta property=\"article:modified_time\" content=\"2024-11-28T17:28:54+00:00\" \/>\n<meta property=\"og:image\" content=\"https:\/\/shop.pyla.it\/wp-content\/uploads\/K5A5962-2-1.jpg\" \/>\n\t<meta property=\"og:image:width\" content=\"1772\" \/>\n\t<meta property=\"og:image:height\" content=\"2214\" \/>\n\t<meta property=\"og:image:type\" content=\"image\/jpeg\" \/>\n<script type=\"application\/ld+json\" class=\"yoast-schema-graph\">{\"@context\":\"https:\/\/schema.org\",\"@graph\":[{\"@type\":\"WebPage\",\"@id\":\"https:\/\/shop.pyla.it\/product\/cristal\/\",\"url\":\"https:\/\/shop.pyla.it\/product\/cristal\/\",\"name\":\"CRISTAL | Pyla Jewelry Shop\",\"isPartOf\":{\"@id\":\"https:\/\/shop.pyla.it\/#website\"},\"primaryImageOfPage\":{\"@id\":\"https:\/\/shop.pyla.it\/product\/cristal\/#primaryimage\"},\"image\":{\"@id\":\"https:\/\/shop.pyla.it\/product\/cristal\/#primaryimage\"},\"thumbnailUrl\":\"https:\/\/shop.pyla.it\/wp-content\/uploads\/K5A5962-2-1.jpg\",\"datePublished\":\"2022-10-01T22:00:03+00:00\",\"dateModified\":\"2024-11-28T17:28:54+00:00\",\"breadcrumb\":{\"@id\":\"https:\/\/shop.pyla.it\/product\/cristal\/#breadcrumb\"},\"inLanguage\":\"it-IT\",\"potentialAction\":[{\"@type\":\"ReadAction\",\"target\":[\"https:\/\/shop.pyla.it\/product\/cristal\/\"]}]},{\"@type\":\"ImageObject\",\"inLanguage\":\"it-IT\",\"@id\":\"https:\/\/shop.pyla.it\/product\/cristal\/#primaryimage\",\"url\":\"https:\/\/shop.pyla.it\/wp-content\/uploads\/K5A5962-2-1.jpg\",\"contentUrl\":\"https:\/\/shop.pyla.it\/wp-content\/uploads\/K5A5962-2-1.jpg\",\"width\":1772,\"height\":2214},{\"@type\":\"BreadcrumbList\",\"@id\":\"https:\/\/shop.pyla.it\/product\/cristal\/#breadcrumb\",\"itemListElement\":[{\"@type\":\"ListItem\",\"position\":1,\"name\":\"Home\",\"item\":\"https:\/\/shop.pyla.it\/\"},{\"@type\":\"ListItem\",\"position\":2,\"name\":\"Shop\",\"item\":\"https:\/\/shop.pyla.it\/\"},{\"@type\":\"ListItem\",\"position\":3,\"name\":\"CRISTAL\"}]},{\"@type\":\"WebSite\",\"@id\":\"https:\/\/shop.pyla.it\/#website\",\"url\":\"https:\/\/shop.pyla.it\/\",\"name\":\"Pyla Jewelry Shop\",\"description\":\"Form over the substance\",\"publisher\":{\"@id\":\"https:\/\/shop.pyla.it\/#organization\"},\"potentialAction\":[{\"@type\":\"SearchAction\",\"target\":{\"@type\":\"EntryPoint\",\"urlTemplate\":\"https:\/\/shop.pyla.it\/?s={search_term_string}\"},\"query-input\":{\"@type\":\"PropertyValueSpecification\",\"valueRequired\":true,\"valueName\":\"search_term_string\"}}],\"inLanguage\":\"it-IT\"},{\"@type\":\"Organization\",\"@id\":\"https:\/\/shop.pyla.it\/#organization\",\"name\":\"PYLA\",\"url\":\"https:\/\/shop.pyla.it\/\",\"logo\":{\"@type\":\"ImageObject\",\"inLanguage\":\"it-IT\",\"@id\":\"https:\/\/shop.pyla.it\/#\/schema\/logo\/image\/\",\"url\":\"https:\/\/i0.wp.com\/shop.pyla.it\/wp-content\/uploads\/logo-email.png?fit=118%2C56&ssl=1\",\"contentUrl\":\"https:\/\/i0.wp.com\/shop.pyla.it\/wp-content\/uploads\/logo-email.png?fit=118%2C56&ssl=1\",\"width\":118,\"height\":56,\"caption\":\"PYLA\"},\"image\":{\"@id\":\"https:\/\/shop.pyla.it\/#\/schema\/logo\/image\/\"},\"sameAs\":[\"https:\/\/www.facebook.com\/PylaJewelry\/\",\"https:\/\/www.instagram.com\/pylajewelry\/\",\"https:\/\/www.linkedin.com\/company\/pyla-jewelry\/\",\"https:\/\/www.pinterest.it\/pylajewelry\/\"]}]}<\/script>\n<!-- \/ Yoast SEO plugin. -->","yoast_head_json":{"title":"CRISTAL | Pyla Jewelry Shop","robots":{"index":"index","follow":"follow","max-snippet":"max-snippet:-1","max-image-preview":"max-image-preview:large","max-video-preview":"max-video-preview:-1"},"canonical":"https:\/\/shop.pyla.it\/it\/prodotto\/cristal\/","og_locale":"it_IT","og_type":"article","og_title":"CRISTAL | Pyla Jewelry Shop","og_description":"This ring was imagined as a crystal polished by time on our shining satellite, and because of its inherent characteristics it can be worn even in water without anything scratching it.  We wanted to create something that would fit the needs of all kinds of people: from adventure-seekers to those who prefer a more simple life style. This ring is made from the highest quality material so you can wear it for years to come! Specifics:       Handmade ring  Asymmetrical shape  Gold-tone steel  Waterproof  Available sizes: 6US, 7US, 8US, 9US  Thickness: 0.06cm - 0.09cm  Weight: about 8gr","og_url":"https:\/\/shop.pyla.it\/it\/prodotto\/cristal\/","og_site_name":"Pyla Jewelry Shop","article_publisher":"https:\/\/www.facebook.com\/PylaJewelry\/","article_modified_time":"2024-11-28T17:28:54+00:00","og_image":[{"width":1772,"height":2214,"url":"https:\/\/shop.pyla.it\/wp-content\/uploads\/K5A5962-2-1.jpg","type":"image\/jpeg"}],"schema":{"@context":"https:\/\/schema.org","@graph":[{"@type":"WebPage","@id":"https:\/\/shop.pyla.it\/product\/cristal\/","url":"https:\/\/shop.pyla.it\/product\/cristal\/","name":"CRISTAL | Pyla Jewelry Shop","isPartOf":{"@id":"https:\/\/shop.pyla.it\/#website"},"primaryImageOfPage":{"@id":"https:\/\/shop.pyla.it\/product\/cristal\/#primaryimage"},"image":{"@id":"https:\/\/shop.pyla.it\/product\/cristal\/#primaryimage"},"thumbnailUrl":"https:\/\/shop.pyla.it\/wp-content\/uploads\/K5A5962-2-1.jpg","datePublished":"2022-10-01T22:00:03+00:00","dateModified":"2024-11-28T17:28:54+00:00","breadcrumb":{"@id":"https:\/\/shop.pyla.it\/product\/cristal\/#breadcrumb"},"inLanguage":"it-IT","potentialAction":[{"@type":"ReadAction","target":["https:\/\/shop.pyla.it\/product\/cristal\/"]}]},{"@type":"ImageObject","inLanguage":"it-IT","@id":"https:\/\/shop.pyla.it\/product\/cristal\/#primaryimage","url":"https:\/\/shop.pyla.it\/wp-content\/uploads\/K5A5962-2-1.jpg","contentUrl":"https:\/\/shop.pyla.it\/wp-content\/uploads\/K5A5962-2-1.jpg","width":1772,"height":2214},{"@type":"BreadcrumbList","@id":"https:\/\/shop.pyla.it\/product\/cristal\/#breadcrumb","itemListElement":[{"@type":"ListItem","position":1,"name":"Home","item":"https:\/\/shop.pyla.it\/"},{"@type":"ListItem","position":2,"name":"Shop","item":"https:\/\/shop.pyla.it\/"},{"@type":"ListItem","position":3,"name":"CRISTAL"}]},{"@type":"WebSite","@id":"https:\/\/shop.pyla.it\/#website","url":"https:\/\/shop.pyla.it\/","name":"Gioielleria Pyla","description":"Form over the substance","publisher":{"@id":"https:\/\/shop.pyla.it\/#organization"},"potentialAction":[{"@type":"SearchAction","target":{"@type":"EntryPoint","urlTemplate":"https:\/\/shop.pyla.it\/?s={search_term_string}"},"query-input":{"@type":"PropertyValueSpecification","valueRequired":true,"valueName":"search_term_string"}}],"inLanguage":"it-IT"},{"@type":"Organization","@id":"https:\/\/shop.pyla.it\/#organization","name":"PYLA","url":"https:\/\/shop.pyla.it\/","logo":{"@type":"ImageObject","inLanguage":"it-IT","@id":"https:\/\/shop.pyla.it\/#\/schema\/logo\/image\/","url":"https:\/\/i0.wp.com\/shop.pyla.it\/wp-content\/uploads\/logo-email.png?fit=118%2C56&ssl=1","contentUrl":"https:\/\/i0.wp.com\/shop.pyla.it\/wp-content\/uploads\/logo-email.png?fit=118%2C56&ssl=1","width":118,"height":56,"caption":"PYLA"},"image":{"@id":"https:\/\/shop.pyla.it\/#\/schema\/logo\/image\/"},"sameAs":["https:\/\/www.facebook.com\/PylaJewelry\/","https:\/\/www.instagram.com\/pylajewelry\/","https:\/\/www.linkedin.com\/company\/pyla-jewelry\/","https:\/\/www.pinterest.it\/pylajewelry\/"]}]}},"jetpack_sharing_enabled":true,"amp_enabled":true,"_links":{"self":[{"href":"https:\/\/shop.pyla.it\/it\/wp-json\/wp\/v2\/product\/7592"}],"collection":[{"href":"https:\/\/shop.pyla.it\/it\/wp-json\/wp\/v2\/product"}],"about":[{"href":"https:\/\/shop.pyla.it\/it\/wp-json\/wp\/v2\/types\/product"}],"replies":[{"embeddable":true,"href":"https:\/\/shop.pyla.it\/it\/wp-json\/wp\/v2\/comments?post=7592"}],"version-history":[{"count":7,"href":"https:\/\/shop.pyla.it\/it\/wp-json\/wp\/v2\/product\/7592\/revisions"}],"predecessor-version":[{"id":8375,"href":"https:\/\/shop.pyla.it\/it\/wp-json\/wp\/v2\/product\/7592\/revisions\/8375"}],"wp:featuredmedia":[{"embeddable":true,"href":"https:\/\/shop.pyla.it\/it\/wp-json\/wp\/v2\/media\/9608"}],"wp:attachment":[{"href":"https:\/\/shop.pyla.it\/it\/wp-json\/wp\/v2\/media?parent=7592"}],"wp:term":[{"taxonomy":"product_cat","embeddable":true,"href":"https:\/\/shop.pyla.it\/it\/wp-json\/wp\/v2\/product_cat?post=7592"},{"taxonomy":"product_tag","embeddable":true,"href":"https:\/\/shop.pyla.it\/it\/wp-json\/wp\/v2\/product_tag?post=7592"},{"taxonomy":"giftcard-category","embeddable":true,"href":"https:\/\/shop.pyla.it\/it\/wp-json\/wp\/v2\/giftcard-category?post=7592"}],"curies":[{"name":"wp","href":"https:\/\/api.w.org\/{rel}","templated":true}]}}