{"id":7565,"date":"2022-10-02T00:00:36","date_gmt":"2022-10-01T22:00:36","guid":{"rendered":"https:\/\/shop.pyla.it\/?post_type=product&#038;p=7565"},"modified":"2024-12-15T12:37:19","modified_gmt":"2024-12-15T11:37:19","slug":"phase","status":"publish","type":"product","link":"https:\/\/shop.pyla.it\/it\/prodotto\/phase\/","title":{"rendered":"PHASE"},"content":{"rendered":"","protected":false},"excerpt":{"rendered":"<p>I doppi cerchi rappresentano la fine di un ciclo e l'inizio di un altro: il vecchio e il nuovo. Rappresentano la tua capacit\u00e0 di reinventarti pi\u00f9 e pi\u00f9 volte.<\/p>\n<p>We believe in all the good things that come from taking risks, and the transformative power of change. That\u2019s why our earrings are a double hoop; we hope they inspire you to be mindful of the cycles of your life, especially when it comes to your career and personal goals.<\/p>\n<p style=\"text-align: left;\">Specifiche:<\/p>\n<div class=\"page\" title=\"Page 6\">\n<div class=\"layoutArea\">\n<div class=\"column\">\n<ul>\n<li style=\"text-align: left;\">Orecchini fatti a mano<\/li>\n<li style=\"text-align: left;\">Acciaio dorato<\/li>\n<li style=\"text-align: left;\">Resina lucida coprente<\/li>\n<li style=\"text-align: left;\">Perni nickel free<\/li>\n<li style=\"text-align: left;\">Resistente all'acqua<\/li>\n<li style=\"text-align: left;\">Lunghezza: circa 4.5cm<\/li>\n<li style=\"text-align: left;\">Larghezza: circa 4.4cm<\/li>\n<li style=\"text-align: left;\">Spessore: 0.02cm<\/li>\n<li style=\"text-align: left;\">Peso: circa 12,5gr<\/li>\n<\/ul>\n<\/div>\n<\/div>\n<\/div>","protected":false},"featured_media":9807,"comment_status":"open","ping_status":"closed","template":"","meta":{"_joinchat":[]},"product_cat":[51,22],"product_tag":[],"giftcard-category":[],"yoast_head":"<!-- This site is optimized with the Yoast SEO plugin v24.5 - https:\/\/yoast.com\/wordpress\/plugins\/seo\/ -->\n<title>PHASE | Pyla Jewelry Shop<\/title>\n<meta name=\"robots\" content=\"index, follow, max-snippet:-1, max-image-preview:large, max-video-preview:-1\" \/>\n<link rel=\"canonical\" href=\"https:\/\/shop.pyla.it\/it\/prodotto\/phase\/\" \/>\n<meta property=\"og:locale\" content=\"it_IT\" \/>\n<meta property=\"og:type\" content=\"article\" \/>\n<meta property=\"og:title\" content=\"PHASE | Pyla Jewelry Shop\" \/>\n<meta property=\"og:description\" content=\"The double hoops represent the end of one cycle and the beginning of another\u2014the old and the new. They represent your ability to reinvent yourself over and over again.  We believe in all the good things that come from taking risks, and the transformative power of change. That\u2019s why our earrings are a double hoop; we hope they inspire you to be mindful of the cycles of your life, especially when it comes to your career and personal goals. Specifics:       Handmade earrings  Gold-tone steel  Glossy covering resin  Nickel free pin  Waterproof  Length: about 4.5cm  Width: about 4.4cm  Thickness: 0.02cm  Weight: 12,5gr\" \/>\n<meta property=\"og:url\" content=\"https:\/\/shop.pyla.it\/it\/prodotto\/phase\/\" \/>\n<meta property=\"og:site_name\" content=\"Pyla Jewelry Shop\" \/>\n<meta property=\"article:publisher\" content=\"https:\/\/www.facebook.com\/PylaJewelry\/\" \/>\n<meta property=\"article:modified_time\" content=\"2024-12-15T11:37:19+00:00\" \/>\n<meta property=\"og:image\" content=\"https:\/\/shop.pyla.it\/wp-content\/uploads\/K5A5725-copia-2.jpg\" \/>\n\t<meta property=\"og:image:width\" content=\"1772\" \/>\n\t<meta property=\"og:image:height\" content=\"2215\" \/>\n\t<meta property=\"og:image:type\" content=\"image\/jpeg\" \/>\n<script type=\"application\/ld+json\" class=\"yoast-schema-graph\">{\"@context\":\"https:\/\/schema.org\",\"@graph\":[{\"@type\":\"WebPage\",\"@id\":\"https:\/\/shop.pyla.it\/product\/phase\/\",\"url\":\"https:\/\/shop.pyla.it\/product\/phase\/\",\"name\":\"PHASE | Pyla Jewelry Shop\",\"isPartOf\":{\"@id\":\"https:\/\/shop.pyla.it\/#website\"},\"primaryImageOfPage\":{\"@id\":\"https:\/\/shop.pyla.it\/product\/phase\/#primaryimage\"},\"image\":{\"@id\":\"https:\/\/shop.pyla.it\/product\/phase\/#primaryimage\"},\"thumbnailUrl\":\"https:\/\/shop.pyla.it\/wp-content\/uploads\/K5A5725-copia-2.jpg\",\"datePublished\":\"2022-10-01T22:00:36+00:00\",\"dateModified\":\"2024-12-15T11:37:19+00:00\",\"breadcrumb\":{\"@id\":\"https:\/\/shop.pyla.it\/product\/phase\/#breadcrumb\"},\"inLanguage\":\"it-IT\",\"potentialAction\":[{\"@type\":\"ReadAction\",\"target\":[\"https:\/\/shop.pyla.it\/product\/phase\/\"]}]},{\"@type\":\"ImageObject\",\"inLanguage\":\"it-IT\",\"@id\":\"https:\/\/shop.pyla.it\/product\/phase\/#primaryimage\",\"url\":\"https:\/\/shop.pyla.it\/wp-content\/uploads\/K5A5725-copia-2.jpg\",\"contentUrl\":\"https:\/\/shop.pyla.it\/wp-content\/uploads\/K5A5725-copia-2.jpg\",\"width\":1772,\"height\":2215},{\"@type\":\"BreadcrumbList\",\"@id\":\"https:\/\/shop.pyla.it\/product\/phase\/#breadcrumb\",\"itemListElement\":[{\"@type\":\"ListItem\",\"position\":1,\"name\":\"Home\",\"item\":\"https:\/\/shop.pyla.it\/\"},{\"@type\":\"ListItem\",\"position\":2,\"name\":\"Shop\",\"item\":\"https:\/\/shop.pyla.it\/\"},{\"@type\":\"ListItem\",\"position\":3,\"name\":\"PHASE\"}]},{\"@type\":\"WebSite\",\"@id\":\"https:\/\/shop.pyla.it\/#website\",\"url\":\"https:\/\/shop.pyla.it\/\",\"name\":\"Pyla Jewelry Shop\",\"description\":\"Form over the substance\",\"publisher\":{\"@id\":\"https:\/\/shop.pyla.it\/#organization\"},\"potentialAction\":[{\"@type\":\"SearchAction\",\"target\":{\"@type\":\"EntryPoint\",\"urlTemplate\":\"https:\/\/shop.pyla.it\/?s={search_term_string}\"},\"query-input\":{\"@type\":\"PropertyValueSpecification\",\"valueRequired\":true,\"valueName\":\"search_term_string\"}}],\"inLanguage\":\"it-IT\"},{\"@type\":\"Organization\",\"@id\":\"https:\/\/shop.pyla.it\/#organization\",\"name\":\"PYLA\",\"url\":\"https:\/\/shop.pyla.it\/\",\"logo\":{\"@type\":\"ImageObject\",\"inLanguage\":\"it-IT\",\"@id\":\"https:\/\/shop.pyla.it\/#\/schema\/logo\/image\/\",\"url\":\"https:\/\/i0.wp.com\/shop.pyla.it\/wp-content\/uploads\/logo-email.png?fit=118%2C56&ssl=1\",\"contentUrl\":\"https:\/\/i0.wp.com\/shop.pyla.it\/wp-content\/uploads\/logo-email.png?fit=118%2C56&ssl=1\",\"width\":118,\"height\":56,\"caption\":\"PYLA\"},\"image\":{\"@id\":\"https:\/\/shop.pyla.it\/#\/schema\/logo\/image\/\"},\"sameAs\":[\"https:\/\/www.facebook.com\/PylaJewelry\/\",\"https:\/\/www.instagram.com\/pylajewelry\/\",\"https:\/\/www.linkedin.com\/company\/pyla-jewelry\/\",\"https:\/\/www.pinterest.it\/pylajewelry\/\"]}]}<\/script>\n<!-- \/ Yoast SEO plugin. -->","yoast_head_json":{"title":"PHASE | Pyla Jewelry Shop","robots":{"index":"index","follow":"follow","max-snippet":"max-snippet:-1","max-image-preview":"max-image-preview:large","max-video-preview":"max-video-preview:-1"},"canonical":"https:\/\/shop.pyla.it\/it\/prodotto\/phase\/","og_locale":"it_IT","og_type":"article","og_title":"PHASE | Pyla Jewelry Shop","og_description":"The double hoops represent the end of one cycle and the beginning of another\u2014the old and the new. They represent your ability to reinvent yourself over and over again.  We believe in all the good things that come from taking risks, and the transformative power of change. That\u2019s why our earrings are a double hoop; we hope they inspire you to be mindful of the cycles of your life, especially when it comes to your career and personal goals. Specifics:       Handmade earrings  Gold-tone steel  Glossy covering resin  Nickel free pin  Waterproof  Length: about 4.5cm  Width: about 4.4cm  Thickness: 0.02cm  Weight: 12,5gr","og_url":"https:\/\/shop.pyla.it\/it\/prodotto\/phase\/","og_site_name":"Pyla Jewelry Shop","article_publisher":"https:\/\/www.facebook.com\/PylaJewelry\/","article_modified_time":"2024-12-15T11:37:19+00:00","og_image":[{"width":1772,"height":2215,"url":"https:\/\/shop.pyla.it\/wp-content\/uploads\/K5A5725-copia-2.jpg","type":"image\/jpeg"}],"schema":{"@context":"https:\/\/schema.org","@graph":[{"@type":"WebPage","@id":"https:\/\/shop.pyla.it\/product\/phase\/","url":"https:\/\/shop.pyla.it\/product\/phase\/","name":"PHASE | Pyla Jewelry Shop","isPartOf":{"@id":"https:\/\/shop.pyla.it\/#website"},"primaryImageOfPage":{"@id":"https:\/\/shop.pyla.it\/product\/phase\/#primaryimage"},"image":{"@id":"https:\/\/shop.pyla.it\/product\/phase\/#primaryimage"},"thumbnailUrl":"https:\/\/shop.pyla.it\/wp-content\/uploads\/K5A5725-copia-2.jpg","datePublished":"2022-10-01T22:00:36+00:00","dateModified":"2024-12-15T11:37:19+00:00","breadcrumb":{"@id":"https:\/\/shop.pyla.it\/product\/phase\/#breadcrumb"},"inLanguage":"it-IT","potentialAction":[{"@type":"ReadAction","target":["https:\/\/shop.pyla.it\/product\/phase\/"]}]},{"@type":"ImageObject","inLanguage":"it-IT","@id":"https:\/\/shop.pyla.it\/product\/phase\/#primaryimage","url":"https:\/\/shop.pyla.it\/wp-content\/uploads\/K5A5725-copia-2.jpg","contentUrl":"https:\/\/shop.pyla.it\/wp-content\/uploads\/K5A5725-copia-2.jpg","width":1772,"height":2215},{"@type":"BreadcrumbList","@id":"https:\/\/shop.pyla.it\/product\/phase\/#breadcrumb","itemListElement":[{"@type":"ListItem","position":1,"name":"Home","item":"https:\/\/shop.pyla.it\/"},{"@type":"ListItem","position":2,"name":"Shop","item":"https:\/\/shop.pyla.it\/"},{"@type":"ListItem","position":3,"name":"PHASE"}]},{"@type":"WebSite","@id":"https:\/\/shop.pyla.it\/#website","url":"https:\/\/shop.pyla.it\/","name":"Gioielleria Pyla","description":"Form over the substance","publisher":{"@id":"https:\/\/shop.pyla.it\/#organization"},"potentialAction":[{"@type":"SearchAction","target":{"@type":"EntryPoint","urlTemplate":"https:\/\/shop.pyla.it\/?s={search_term_string}"},"query-input":{"@type":"PropertyValueSpecification","valueRequired":true,"valueName":"search_term_string"}}],"inLanguage":"it-IT"},{"@type":"Organization","@id":"https:\/\/shop.pyla.it\/#organization","name":"PYLA","url":"https:\/\/shop.pyla.it\/","logo":{"@type":"ImageObject","inLanguage":"it-IT","@id":"https:\/\/shop.pyla.it\/#\/schema\/logo\/image\/","url":"https:\/\/i0.wp.com\/shop.pyla.it\/wp-content\/uploads\/logo-email.png?fit=118%2C56&ssl=1","contentUrl":"https:\/\/i0.wp.com\/shop.pyla.it\/wp-content\/uploads\/logo-email.png?fit=118%2C56&ssl=1","width":118,"height":56,"caption":"PYLA"},"image":{"@id":"https:\/\/shop.pyla.it\/#\/schema\/logo\/image\/"},"sameAs":["https:\/\/www.facebook.com\/PylaJewelry\/","https:\/\/www.instagram.com\/pylajewelry\/","https:\/\/www.linkedin.com\/company\/pyla-jewelry\/","https:\/\/www.pinterest.it\/pylajewelry\/"]}]}},"jetpack_sharing_enabled":true,"amp_enabled":true,"_links":{"self":[{"href":"https:\/\/shop.pyla.it\/it\/wp-json\/wp\/v2\/product\/7565"}],"collection":[{"href":"https:\/\/shop.pyla.it\/it\/wp-json\/wp\/v2\/product"}],"about":[{"href":"https:\/\/shop.pyla.it\/it\/wp-json\/wp\/v2\/types\/product"}],"replies":[{"embeddable":true,"href":"https:\/\/shop.pyla.it\/it\/wp-json\/wp\/v2\/comments?post=7565"}],"version-history":[{"count":7,"href":"https:\/\/shop.pyla.it\/it\/wp-json\/wp\/v2\/product\/7565\/revisions"}],"predecessor-version":[{"id":7750,"href":"https:\/\/shop.pyla.it\/it\/wp-json\/wp\/v2\/product\/7565\/revisions\/7750"}],"wp:featuredmedia":[{"embeddable":true,"href":"https:\/\/shop.pyla.it\/it\/wp-json\/wp\/v2\/media\/9807"}],"wp:attachment":[{"href":"https:\/\/shop.pyla.it\/it\/wp-json\/wp\/v2\/media?parent=7565"}],"wp:term":[{"taxonomy":"product_cat","embeddable":true,"href":"https:\/\/shop.pyla.it\/it\/wp-json\/wp\/v2\/product_cat?post=7565"},{"taxonomy":"product_tag","embeddable":true,"href":"https:\/\/shop.pyla.it\/it\/wp-json\/wp\/v2\/product_tag?post=7565"},{"taxonomy":"giftcard-category","embeddable":true,"href":"https:\/\/shop.pyla.it\/it\/wp-json\/wp\/v2\/giftcard-category?post=7565"}],"curies":[{"name":"wp","href":"https:\/\/api.w.org\/{rel}","templated":true}]}}