{"id":7559,"date":"2022-10-02T00:00:32","date_gmt":"2022-10-01T22:00:32","guid":{"rendered":"https:\/\/shop.pyla.it\/?post_type=product&#038;p=7559"},"modified":"2025-09-24T09:05:57","modified_gmt":"2025-09-24T07:05:57","slug":"crateres","status":"publish","type":"product","link":"https:\/\/shop.pyla.it\/it\/prodotto\/crateres\/","title":{"rendered":"CRATERES"},"content":{"rendered":"","protected":false},"excerpt":{"rendered":"<div class=\"page\" title=\"Page 7\">\n<div class=\"layoutArea\">\n<div class=\"column\">\n<p>Due piccoli punti luce rotondi ci ricordano immediatamente i familiari crateri sulla superficie lunare, immutabili e silenziosi e di come ci sentiamo quando li guardiamo:<\/p>\n<p>un senso di stupore, di meraviglia per la vastit\u00e0 dello spazio e un desiderio per ci\u00f2 che c'\u00e8 oltre.<\/p>\n<p style=\"text-align: left;\">Specifiche:<\/p>\n<ul>\n<li style=\"text-align: left;\">Orecchini fatti a mano<\/li>\n<li style=\"text-align: left;\">Ottone placcato oro 24k<\/li>\n<li style=\"text-align: left;\">Resina lucida coprente<\/li>\n<li style=\"text-align: left;\">Pin in ottone nichel free<\/li>\n<li style=\"text-align: left;\">Larghezza: circa 3.7cm<\/li>\n<li style=\"text-align: left;\">Spessore: 0.01cm<\/li>\n<li style=\"text-align: left;\">Peso: 0.5gr<\/li>\n<\/ul>\n<\/div>\n<\/div>\n<\/div>","protected":false},"featured_media":9582,"comment_status":"open","ping_status":"closed","template":"","meta":{"_joinchat":[]},"product_cat":[51,22],"product_tag":[],"giftcard-category":[],"yoast_head":"<!-- This site is optimized with the Yoast SEO plugin v24.5 - https:\/\/yoast.com\/wordpress\/plugins\/seo\/ -->\n<title>CRATERES | Pyla Jewelry Shop<\/title>\n<meta name=\"robots\" content=\"index, follow, max-snippet:-1, max-image-preview:large, max-video-preview:-1\" \/>\n<link rel=\"canonical\" href=\"https:\/\/shop.pyla.it\/it\/prodotto\/crateres\/\" \/>\n<meta property=\"og:locale\" content=\"it_IT\" \/>\n<meta property=\"og:type\" content=\"article\" \/>\n<meta property=\"og:title\" content=\"CRATERES | Pyla Jewelry Shop\" \/>\n<meta property=\"og:description\" content=\"The two round, domed dots immediately remind us of the familiar craters on the lunar surface, unchanging and silent.  We are reminded of how we feel when we look at them\u2014a sense of awe, of wonder at the vastness of space, and a longing for what lies beyond. Specifics:    Handmade earrings  24k Gold-plated brass  Glossy covering resin  Nickel free brass pin  Width: about 3.7cm  Thickness: 0.01cm  Weight: 0.5gr\" \/>\n<meta property=\"og:url\" content=\"https:\/\/shop.pyla.it\/it\/prodotto\/crateres\/\" \/>\n<meta property=\"og:site_name\" content=\"Pyla Jewelry Shop\" \/>\n<meta property=\"article:publisher\" content=\"https:\/\/www.facebook.com\/PylaJewelry\/\" \/>\n<meta property=\"article:modified_time\" content=\"2025-09-24T07:05:57+00:00\" \/>\n<meta property=\"og:image\" content=\"https:\/\/shop.pyla.it\/wp-content\/uploads\/K5A6047-copia-scaled.jpg\" \/>\n\t<meta property=\"og:image:width\" content=\"2048\" \/>\n\t<meta property=\"og:image:height\" content=\"2560\" \/>\n\t<meta property=\"og:image:type\" content=\"image\/jpeg\" \/>\n<script type=\"application\/ld+json\" class=\"yoast-schema-graph\">{\"@context\":\"https:\/\/schema.org\",\"@graph\":[{\"@type\":\"WebPage\",\"@id\":\"https:\/\/shop.pyla.it\/product\/crateres\/\",\"url\":\"https:\/\/shop.pyla.it\/product\/crateres\/\",\"name\":\"CRATERES | Pyla Jewelry Shop\",\"isPartOf\":{\"@id\":\"https:\/\/shop.pyla.it\/#website\"},\"primaryImageOfPage\":{\"@id\":\"https:\/\/shop.pyla.it\/product\/crateres\/#primaryimage\"},\"image\":{\"@id\":\"https:\/\/shop.pyla.it\/product\/crateres\/#primaryimage\"},\"thumbnailUrl\":\"https:\/\/shop.pyla.it\/wp-content\/uploads\/K5A6047-copia-scaled.jpg\",\"datePublished\":\"2022-10-01T22:00:32+00:00\",\"dateModified\":\"2025-09-24T07:05:57+00:00\",\"breadcrumb\":{\"@id\":\"https:\/\/shop.pyla.it\/product\/crateres\/#breadcrumb\"},\"inLanguage\":\"it-IT\",\"potentialAction\":[{\"@type\":\"ReadAction\",\"target\":[\"https:\/\/shop.pyla.it\/product\/crateres\/\"]}]},{\"@type\":\"ImageObject\",\"inLanguage\":\"it-IT\",\"@id\":\"https:\/\/shop.pyla.it\/product\/crateres\/#primaryimage\",\"url\":\"https:\/\/shop.pyla.it\/wp-content\/uploads\/K5A6047-copia-scaled.jpg\",\"contentUrl\":\"https:\/\/shop.pyla.it\/wp-content\/uploads\/K5A6047-copia-scaled.jpg\",\"width\":2048,\"height\":2560},{\"@type\":\"BreadcrumbList\",\"@id\":\"https:\/\/shop.pyla.it\/product\/crateres\/#breadcrumb\",\"itemListElement\":[{\"@type\":\"ListItem\",\"position\":1,\"name\":\"Home\",\"item\":\"https:\/\/shop.pyla.it\/\"},{\"@type\":\"ListItem\",\"position\":2,\"name\":\"Shop\",\"item\":\"https:\/\/shop.pyla.it\/\"},{\"@type\":\"ListItem\",\"position\":3,\"name\":\"CRATERES\"}]},{\"@type\":\"WebSite\",\"@id\":\"https:\/\/shop.pyla.it\/#website\",\"url\":\"https:\/\/shop.pyla.it\/\",\"name\":\"Pyla Jewelry Shop\",\"description\":\"Form over the substance\",\"publisher\":{\"@id\":\"https:\/\/shop.pyla.it\/#organization\"},\"potentialAction\":[{\"@type\":\"SearchAction\",\"target\":{\"@type\":\"EntryPoint\",\"urlTemplate\":\"https:\/\/shop.pyla.it\/?s={search_term_string}\"},\"query-input\":{\"@type\":\"PropertyValueSpecification\",\"valueRequired\":true,\"valueName\":\"search_term_string\"}}],\"inLanguage\":\"it-IT\"},{\"@type\":\"Organization\",\"@id\":\"https:\/\/shop.pyla.it\/#organization\",\"name\":\"PYLA\",\"url\":\"https:\/\/shop.pyla.it\/\",\"logo\":{\"@type\":\"ImageObject\",\"inLanguage\":\"it-IT\",\"@id\":\"https:\/\/shop.pyla.it\/#\/schema\/logo\/image\/\",\"url\":\"https:\/\/i0.wp.com\/shop.pyla.it\/wp-content\/uploads\/logo-email.png?fit=118%2C56&ssl=1\",\"contentUrl\":\"https:\/\/i0.wp.com\/shop.pyla.it\/wp-content\/uploads\/logo-email.png?fit=118%2C56&ssl=1\",\"width\":118,\"height\":56,\"caption\":\"PYLA\"},\"image\":{\"@id\":\"https:\/\/shop.pyla.it\/#\/schema\/logo\/image\/\"},\"sameAs\":[\"https:\/\/www.facebook.com\/PylaJewelry\/\",\"https:\/\/www.instagram.com\/pylajewelry\/\",\"https:\/\/www.linkedin.com\/company\/pyla-jewelry\/\",\"https:\/\/www.pinterest.it\/pylajewelry\/\"]}]}<\/script>\n<!-- \/ Yoast SEO plugin. -->","yoast_head_json":{"title":"CRATERES | Pyla Jewelry Shop","robots":{"index":"index","follow":"follow","max-snippet":"max-snippet:-1","max-image-preview":"max-image-preview:large","max-video-preview":"max-video-preview:-1"},"canonical":"https:\/\/shop.pyla.it\/it\/prodotto\/crateres\/","og_locale":"it_IT","og_type":"article","og_title":"CRATERES | Pyla Jewelry Shop","og_description":"The two round, domed dots immediately remind us of the familiar craters on the lunar surface, unchanging and silent.  We are reminded of how we feel when we look at them\u2014a sense of awe, of wonder at the vastness of space, and a longing for what lies beyond. Specifics:    Handmade earrings  24k Gold-plated brass  Glossy covering resin  Nickel free brass pin  Width: about 3.7cm  Thickness: 0.01cm  Weight: 0.5gr","og_url":"https:\/\/shop.pyla.it\/it\/prodotto\/crateres\/","og_site_name":"Pyla Jewelry Shop","article_publisher":"https:\/\/www.facebook.com\/PylaJewelry\/","article_modified_time":"2025-09-24T07:05:57+00:00","og_image":[{"width":2048,"height":2560,"url":"https:\/\/shop.pyla.it\/wp-content\/uploads\/K5A6047-copia-scaled.jpg","type":"image\/jpeg"}],"schema":{"@context":"https:\/\/schema.org","@graph":[{"@type":"WebPage","@id":"https:\/\/shop.pyla.it\/product\/crateres\/","url":"https:\/\/shop.pyla.it\/product\/crateres\/","name":"CRATERES | Pyla Jewelry Shop","isPartOf":{"@id":"https:\/\/shop.pyla.it\/#website"},"primaryImageOfPage":{"@id":"https:\/\/shop.pyla.it\/product\/crateres\/#primaryimage"},"image":{"@id":"https:\/\/shop.pyla.it\/product\/crateres\/#primaryimage"},"thumbnailUrl":"https:\/\/shop.pyla.it\/wp-content\/uploads\/K5A6047-copia-scaled.jpg","datePublished":"2022-10-01T22:00:32+00:00","dateModified":"2025-09-24T07:05:57+00:00","breadcrumb":{"@id":"https:\/\/shop.pyla.it\/product\/crateres\/#breadcrumb"},"inLanguage":"it-IT","potentialAction":[{"@type":"ReadAction","target":["https:\/\/shop.pyla.it\/product\/crateres\/"]}]},{"@type":"ImageObject","inLanguage":"it-IT","@id":"https:\/\/shop.pyla.it\/product\/crateres\/#primaryimage","url":"https:\/\/shop.pyla.it\/wp-content\/uploads\/K5A6047-copia-scaled.jpg","contentUrl":"https:\/\/shop.pyla.it\/wp-content\/uploads\/K5A6047-copia-scaled.jpg","width":2048,"height":2560},{"@type":"BreadcrumbList","@id":"https:\/\/shop.pyla.it\/product\/crateres\/#breadcrumb","itemListElement":[{"@type":"ListItem","position":1,"name":"Home","item":"https:\/\/shop.pyla.it\/"},{"@type":"ListItem","position":2,"name":"Shop","item":"https:\/\/shop.pyla.it\/"},{"@type":"ListItem","position":3,"name":"CRATERES"}]},{"@type":"WebSite","@id":"https:\/\/shop.pyla.it\/#website","url":"https:\/\/shop.pyla.it\/","name":"Gioielleria Pyla","description":"Form over the substance","publisher":{"@id":"https:\/\/shop.pyla.it\/#organization"},"potentialAction":[{"@type":"SearchAction","target":{"@type":"EntryPoint","urlTemplate":"https:\/\/shop.pyla.it\/?s={search_term_string}"},"query-input":{"@type":"PropertyValueSpecification","valueRequired":true,"valueName":"search_term_string"}}],"inLanguage":"it-IT"},{"@type":"Organization","@id":"https:\/\/shop.pyla.it\/#organization","name":"PYLA","url":"https:\/\/shop.pyla.it\/","logo":{"@type":"ImageObject","inLanguage":"it-IT","@id":"https:\/\/shop.pyla.it\/#\/schema\/logo\/image\/","url":"https:\/\/i0.wp.com\/shop.pyla.it\/wp-content\/uploads\/logo-email.png?fit=118%2C56&ssl=1","contentUrl":"https:\/\/i0.wp.com\/shop.pyla.it\/wp-content\/uploads\/logo-email.png?fit=118%2C56&ssl=1","width":118,"height":56,"caption":"PYLA"},"image":{"@id":"https:\/\/shop.pyla.it\/#\/schema\/logo\/image\/"},"sameAs":["https:\/\/www.facebook.com\/PylaJewelry\/","https:\/\/www.instagram.com\/pylajewelry\/","https:\/\/www.linkedin.com\/company\/pyla-jewelry\/","https:\/\/www.pinterest.it\/pylajewelry\/"]}]}},"jetpack_sharing_enabled":true,"amp_enabled":true,"_links":{"self":[{"href":"https:\/\/shop.pyla.it\/it\/wp-json\/wp\/v2\/product\/7559"}],"collection":[{"href":"https:\/\/shop.pyla.it\/it\/wp-json\/wp\/v2\/product"}],"about":[{"href":"https:\/\/shop.pyla.it\/it\/wp-json\/wp\/v2\/types\/product"}],"replies":[{"embeddable":true,"href":"https:\/\/shop.pyla.it\/it\/wp-json\/wp\/v2\/comments?post=7559"}],"version-history":[{"count":3,"href":"https:\/\/shop.pyla.it\/it\/wp-json\/wp\/v2\/product\/7559\/revisions"}],"predecessor-version":[{"id":7671,"href":"https:\/\/shop.pyla.it\/it\/wp-json\/wp\/v2\/product\/7559\/revisions\/7671"}],"wp:featuredmedia":[{"embeddable":true,"href":"https:\/\/shop.pyla.it\/it\/wp-json\/wp\/v2\/media\/9582"}],"wp:attachment":[{"href":"https:\/\/shop.pyla.it\/it\/wp-json\/wp\/v2\/media?parent=7559"}],"wp:term":[{"taxonomy":"product_cat","embeddable":true,"href":"https:\/\/shop.pyla.it\/it\/wp-json\/wp\/v2\/product_cat?post=7559"},{"taxonomy":"product_tag","embeddable":true,"href":"https:\/\/shop.pyla.it\/it\/wp-json\/wp\/v2\/product_tag?post=7559"},{"taxonomy":"giftcard-category","embeddable":true,"href":"https:\/\/shop.pyla.it\/it\/wp-json\/wp\/v2\/giftcard-category?post=7559"}],"curies":[{"name":"wp","href":"https:\/\/api.w.org\/{rel}","templated":true}]}}