{"id":7509,"date":"2022-10-02T00:00:20","date_gmt":"2022-10-01T22:00:20","guid":{"rendered":"https:\/\/shop.pyla.it\/?post_type=product&#038;p=7509"},"modified":"2024-11-27T09:09:44","modified_gmt":"2024-11-27T08:09:44","slug":"bisou","status":"publish","type":"product","link":"https:\/\/shop.pyla.it\/it\/prodotto\/bisou\/","title":{"rendered":"BISOU"},"content":{"rendered":"","protected":false},"excerpt":{"rendered":"<div class=\"page\" title=\"Page 3\">\n<div class=\"layoutArea\">\n<div class=\"column\">\n<p>La canzone \"Un Bacio A Mezzanotte\" fu un successo in Italia negli anni '40.<\/p>\n<p>Il testo ti mette in guardia dal fatto che non dovresti innamorarti di nessuno che ti promette amore a mezzanotte perch\u00e9 \u00e8 semplicemente troppo bello per essere vero! La chiave \u00e8 fidarsi di te stess* e del tuo istinto, perch\u00e9 se non ti fidi di loro, come fai a sapere cosa \u00e8 reale?<\/p>\n<p>Specifiche:<\/p>\n<ul>\n<li style=\"text-align: left;\">Collana fatta a mano<\/li>\n<li style=\"text-align: left;\">Pendente in ottone placcato oro 24k<\/li>\n<li style=\"text-align: left;\">Resina lucida coprente<\/li>\n<li style=\"text-align: left;\">Catena in ottone placcato oro<\/li>\n<li style=\"text-align: left;\">Chiusura a moschettone placcato oro<\/li>\n<li style=\"text-align: left;\">Lunghezza: circa 22cm<\/li>\n<li style=\"text-align: left;\">Peso: circa 5.2gr<\/li>\n<\/ul>\n<\/div>\n<\/div>\n<\/div>","protected":false},"featured_media":9491,"comment_status":"open","ping_status":"closed","template":"","meta":{"_joinchat":[]},"product_cat":[51,20],"product_tag":[],"giftcard-category":[],"yoast_head":"<!-- This site is optimized with the Yoast SEO plugin v24.5 - https:\/\/yoast.com\/wordpress\/plugins\/seo\/ -->\n<title>BISOU | Pyla Jewelry Shop<\/title>\n<meta name=\"robots\" content=\"index, follow, max-snippet:-1, max-image-preview:large, max-video-preview:-1\" \/>\n<link rel=\"canonical\" href=\"https:\/\/shop.pyla.it\/it\/prodotto\/bisou\/\" \/>\n<meta property=\"og:locale\" content=\"it_IT\" \/>\n<meta property=\"og:type\" content=\"article\" \/>\n<meta property=\"og:title\" content=\"BISOU | Pyla Jewelry Shop\" \/>\n<meta property=\"og:description\" content=\"The song &quot;A kiss at midnight&quot; was a hit in Italy back in the 1940s.  The singer warns that you shouldn&#039;t fall for anyone who promises you love at midnight\u2014it&#039;s just too good to be true! The key is to trust yourself and your instincts, because if you don&#039;t trust them, then how do you know what&#039;s real?  Specifics:   Handmade necklace  24k Gold-plated brass pendant  Glossy covering resin  Gold-plated brass chain  Gold-plated brass lobster clasp closure  Length: about 22cm  Weight: 5,2gr\" \/>\n<meta property=\"og:url\" content=\"https:\/\/shop.pyla.it\/it\/prodotto\/bisou\/\" \/>\n<meta property=\"og:site_name\" content=\"Pyla Jewelry Shop\" \/>\n<meta property=\"article:publisher\" content=\"https:\/\/www.facebook.com\/PylaJewelry\/\" \/>\n<meta property=\"article:modified_time\" content=\"2024-11-27T08:09:44+00:00\" \/>\n<meta property=\"og:image\" content=\"https:\/\/shop.pyla.it\/wp-content\/uploads\/H4A6655-copia-scaled.jpg\" \/>\n\t<meta property=\"og:image:width\" content=\"2048\" \/>\n\t<meta property=\"og:image:height\" content=\"2560\" \/>\n\t<meta property=\"og:image:type\" content=\"image\/jpeg\" \/>\n<script type=\"application\/ld+json\" class=\"yoast-schema-graph\">{\"@context\":\"https:\/\/schema.org\",\"@graph\":[{\"@type\":\"WebPage\",\"@id\":\"https:\/\/shop.pyla.it\/product\/bisou\/\",\"url\":\"https:\/\/shop.pyla.it\/product\/bisou\/\",\"name\":\"BISOU | Pyla Jewelry Shop\",\"isPartOf\":{\"@id\":\"https:\/\/shop.pyla.it\/#website\"},\"primaryImageOfPage\":{\"@id\":\"https:\/\/shop.pyla.it\/product\/bisou\/#primaryimage\"},\"image\":{\"@id\":\"https:\/\/shop.pyla.it\/product\/bisou\/#primaryimage\"},\"thumbnailUrl\":\"https:\/\/shop.pyla.it\/wp-content\/uploads\/H4A6655-copia-scaled.jpg\",\"datePublished\":\"2022-10-01T22:00:20+00:00\",\"dateModified\":\"2024-11-27T08:09:44+00:00\",\"breadcrumb\":{\"@id\":\"https:\/\/shop.pyla.it\/product\/bisou\/#breadcrumb\"},\"inLanguage\":\"it-IT\",\"potentialAction\":[{\"@type\":\"ReadAction\",\"target\":[\"https:\/\/shop.pyla.it\/product\/bisou\/\"]}]},{\"@type\":\"ImageObject\",\"inLanguage\":\"it-IT\",\"@id\":\"https:\/\/shop.pyla.it\/product\/bisou\/#primaryimage\",\"url\":\"https:\/\/shop.pyla.it\/wp-content\/uploads\/H4A6655-copia-scaled.jpg\",\"contentUrl\":\"https:\/\/shop.pyla.it\/wp-content\/uploads\/H4A6655-copia-scaled.jpg\",\"width\":2048,\"height\":2560},{\"@type\":\"BreadcrumbList\",\"@id\":\"https:\/\/shop.pyla.it\/product\/bisou\/#breadcrumb\",\"itemListElement\":[{\"@type\":\"ListItem\",\"position\":1,\"name\":\"Home\",\"item\":\"https:\/\/shop.pyla.it\/\"},{\"@type\":\"ListItem\",\"position\":2,\"name\":\"Shop\",\"item\":\"https:\/\/shop.pyla.it\/\"},{\"@type\":\"ListItem\",\"position\":3,\"name\":\"BISOU\"}]},{\"@type\":\"WebSite\",\"@id\":\"https:\/\/shop.pyla.it\/#website\",\"url\":\"https:\/\/shop.pyla.it\/\",\"name\":\"Pyla Jewelry Shop\",\"description\":\"Form over the substance\",\"publisher\":{\"@id\":\"https:\/\/shop.pyla.it\/#organization\"},\"potentialAction\":[{\"@type\":\"SearchAction\",\"target\":{\"@type\":\"EntryPoint\",\"urlTemplate\":\"https:\/\/shop.pyla.it\/?s={search_term_string}\"},\"query-input\":{\"@type\":\"PropertyValueSpecification\",\"valueRequired\":true,\"valueName\":\"search_term_string\"}}],\"inLanguage\":\"it-IT\"},{\"@type\":\"Organization\",\"@id\":\"https:\/\/shop.pyla.it\/#organization\",\"name\":\"PYLA\",\"url\":\"https:\/\/shop.pyla.it\/\",\"logo\":{\"@type\":\"ImageObject\",\"inLanguage\":\"it-IT\",\"@id\":\"https:\/\/shop.pyla.it\/#\/schema\/logo\/image\/\",\"url\":\"https:\/\/i0.wp.com\/shop.pyla.it\/wp-content\/uploads\/logo-email.png?fit=118%2C56&ssl=1\",\"contentUrl\":\"https:\/\/i0.wp.com\/shop.pyla.it\/wp-content\/uploads\/logo-email.png?fit=118%2C56&ssl=1\",\"width\":118,\"height\":56,\"caption\":\"PYLA\"},\"image\":{\"@id\":\"https:\/\/shop.pyla.it\/#\/schema\/logo\/image\/\"},\"sameAs\":[\"https:\/\/www.facebook.com\/PylaJewelry\/\",\"https:\/\/www.instagram.com\/pylajewelry\/\",\"https:\/\/www.linkedin.com\/company\/pyla-jewelry\/\",\"https:\/\/www.pinterest.it\/pylajewelry\/\"]}]}<\/script>\n<!-- \/ Yoast SEO plugin. -->","yoast_head_json":{"title":"BISOU | Pyla Jewelry Shop","robots":{"index":"index","follow":"follow","max-snippet":"max-snippet:-1","max-image-preview":"max-image-preview:large","max-video-preview":"max-video-preview:-1"},"canonical":"https:\/\/shop.pyla.it\/it\/prodotto\/bisou\/","og_locale":"it_IT","og_type":"article","og_title":"BISOU | Pyla Jewelry Shop","og_description":"The song \"A kiss at midnight\" was a hit in Italy back in the 1940s.  The singer warns that you shouldn't fall for anyone who promises you love at midnight\u2014it's just too good to be true! The key is to trust yourself and your instincts, because if you don't trust them, then how do you know what's real?  Specifics:   Handmade necklace  24k Gold-plated brass pendant  Glossy covering resin  Gold-plated brass chain  Gold-plated brass lobster clasp closure  Length: about 22cm  Weight: 5,2gr","og_url":"https:\/\/shop.pyla.it\/it\/prodotto\/bisou\/","og_site_name":"Pyla Jewelry Shop","article_publisher":"https:\/\/www.facebook.com\/PylaJewelry\/","article_modified_time":"2024-11-27T08:09:44+00:00","og_image":[{"width":2048,"height":2560,"url":"https:\/\/shop.pyla.it\/wp-content\/uploads\/H4A6655-copia-scaled.jpg","type":"image\/jpeg"}],"schema":{"@context":"https:\/\/schema.org","@graph":[{"@type":"WebPage","@id":"https:\/\/shop.pyla.it\/product\/bisou\/","url":"https:\/\/shop.pyla.it\/product\/bisou\/","name":"BISOU | Pyla Jewelry Shop","isPartOf":{"@id":"https:\/\/shop.pyla.it\/#website"},"primaryImageOfPage":{"@id":"https:\/\/shop.pyla.it\/product\/bisou\/#primaryimage"},"image":{"@id":"https:\/\/shop.pyla.it\/product\/bisou\/#primaryimage"},"thumbnailUrl":"https:\/\/shop.pyla.it\/wp-content\/uploads\/H4A6655-copia-scaled.jpg","datePublished":"2022-10-01T22:00:20+00:00","dateModified":"2024-11-27T08:09:44+00:00","breadcrumb":{"@id":"https:\/\/shop.pyla.it\/product\/bisou\/#breadcrumb"},"inLanguage":"it-IT","potentialAction":[{"@type":"ReadAction","target":["https:\/\/shop.pyla.it\/product\/bisou\/"]}]},{"@type":"ImageObject","inLanguage":"it-IT","@id":"https:\/\/shop.pyla.it\/product\/bisou\/#primaryimage","url":"https:\/\/shop.pyla.it\/wp-content\/uploads\/H4A6655-copia-scaled.jpg","contentUrl":"https:\/\/shop.pyla.it\/wp-content\/uploads\/H4A6655-copia-scaled.jpg","width":2048,"height":2560},{"@type":"BreadcrumbList","@id":"https:\/\/shop.pyla.it\/product\/bisou\/#breadcrumb","itemListElement":[{"@type":"ListItem","position":1,"name":"Home","item":"https:\/\/shop.pyla.it\/"},{"@type":"ListItem","position":2,"name":"Shop","item":"https:\/\/shop.pyla.it\/"},{"@type":"ListItem","position":3,"name":"BISOU"}]},{"@type":"WebSite","@id":"https:\/\/shop.pyla.it\/#website","url":"https:\/\/shop.pyla.it\/","name":"Gioielleria Pyla","description":"Form over the substance","publisher":{"@id":"https:\/\/shop.pyla.it\/#organization"},"potentialAction":[{"@type":"SearchAction","target":{"@type":"EntryPoint","urlTemplate":"https:\/\/shop.pyla.it\/?s={search_term_string}"},"query-input":{"@type":"PropertyValueSpecification","valueRequired":true,"valueName":"search_term_string"}}],"inLanguage":"it-IT"},{"@type":"Organization","@id":"https:\/\/shop.pyla.it\/#organization","name":"PYLA","url":"https:\/\/shop.pyla.it\/","logo":{"@type":"ImageObject","inLanguage":"it-IT","@id":"https:\/\/shop.pyla.it\/#\/schema\/logo\/image\/","url":"https:\/\/i0.wp.com\/shop.pyla.it\/wp-content\/uploads\/logo-email.png?fit=118%2C56&ssl=1","contentUrl":"https:\/\/i0.wp.com\/shop.pyla.it\/wp-content\/uploads\/logo-email.png?fit=118%2C56&ssl=1","width":118,"height":56,"caption":"PYLA"},"image":{"@id":"https:\/\/shop.pyla.it\/#\/schema\/logo\/image\/"},"sameAs":["https:\/\/www.facebook.com\/PylaJewelry\/","https:\/\/www.instagram.com\/pylajewelry\/","https:\/\/www.linkedin.com\/company\/pyla-jewelry\/","https:\/\/www.pinterest.it\/pylajewelry\/"]}]}},"jetpack_sharing_enabled":true,"amp_enabled":true,"_links":{"self":[{"href":"https:\/\/shop.pyla.it\/it\/wp-json\/wp\/v2\/product\/7509"}],"collection":[{"href":"https:\/\/shop.pyla.it\/it\/wp-json\/wp\/v2\/product"}],"about":[{"href":"https:\/\/shop.pyla.it\/it\/wp-json\/wp\/v2\/types\/product"}],"replies":[{"embeddable":true,"href":"https:\/\/shop.pyla.it\/it\/wp-json\/wp\/v2\/comments?post=7509"}],"version-history":[{"count":5,"href":"https:\/\/shop.pyla.it\/it\/wp-json\/wp\/v2\/product\/7509\/revisions"}],"predecessor-version":[{"id":8123,"href":"https:\/\/shop.pyla.it\/it\/wp-json\/wp\/v2\/product\/7509\/revisions\/8123"}],"wp:featuredmedia":[{"embeddable":true,"href":"https:\/\/shop.pyla.it\/it\/wp-json\/wp\/v2\/media\/9491"}],"wp:attachment":[{"href":"https:\/\/shop.pyla.it\/it\/wp-json\/wp\/v2\/media?parent=7509"}],"wp:term":[{"taxonomy":"product_cat","embeddable":true,"href":"https:\/\/shop.pyla.it\/it\/wp-json\/wp\/v2\/product_cat?post=7509"},{"taxonomy":"product_tag","embeddable":true,"href":"https:\/\/shop.pyla.it\/it\/wp-json\/wp\/v2\/product_tag?post=7509"},{"taxonomy":"giftcard-category","embeddable":true,"href":"https:\/\/shop.pyla.it\/it\/wp-json\/wp\/v2\/giftcard-category?post=7509"}],"curies":[{"name":"wp","href":"https:\/\/api.w.org\/{rel}","templated":true}]}}